{"id":728,"date":"2022-01-21T13:07:03","date_gmt":"2022-01-21T13:07:03","guid":{"rendered":"https:\/\/www.smidespastorn.se\/?page_id=728"},"modified":"2022-01-24T15:25:45","modified_gmt":"2022-01-24T15:25:45","slug":"om-smidespastorn","status":"publish","type":"page","link":"https:\/\/www.smidespastorn.se\/?page_id=728","title":{"rendered":"Om Smidespastorn"},"content":{"rendered":"<div data-colibri-id=\"728-c1\" class=\"style-711 style-local-728-c1 position-relative\">\n  <!---->\n  <div data-colibri-component=\"section\" data-colibri-id=\"728-c2\" id=\"content\" class=\"h-section h-section-global-spacing d-flex align-items-lg-center align-items-md-center align-items-center style-716 style-local-728-c2 h-overflow-hidden position-relative\">\n    <!---->\n    <!---->\n    <div class=\"h-section-grid-container h-section-fluid-container\">\n      <!---->\n      <div data-colibri-id=\"728-c3\" class=\"h-row-container gutters-row-lg-0 gutters-row-md-0 gutters-row-2 gutters-row-v-lg-0 gutters-row-v-md-0 gutters-row-v-2 style-717 style-local-728-c3 position-relative\">\n        <!---->\n        <div class=\"h-row justify-content-lg-center justify-content-md-center justify-content-center align-items-lg-stretch align-items-md-stretch align-items-stretch gutters-col-lg-0 gutters-col-md-0 gutters-col-2 gutters-col-v-lg-0 gutters-col-v-md-0 gutters-col-v-2\">\n          <!---->\n          <div class=\"h-column h-column-container d-flex h-col-lg-auto h-col-md-auto h-col-auto style-718-outer style-local-728-c4-outer\">\n            <div data-colibri-id=\"728-c4\" class=\"d-flex h-flex-basis h-column__inner h-ui-empty-state-container h-px-lg-0 h-px-md-0 h-px-0 v-inner-lg-0 v-inner-md-0 v-inner-0 style-718 style-local-728-c4 position-relative\">\n              <!---->\n              <!---->\n              <div class=\"w-100 h-y-container h-column__content h-column__v-align flex-basis-100\">\n                <!---->\n              <\/div>\n            <\/div>\n          <\/div>\n          <div class=\"h-column h-column-container d-flex h-col-lg-auto h-col-md-auto h-col-auto style-719-outer style-local-728-c5-outer\">\n            <div data-colibri-id=\"728-c5\" class=\"d-flex h-flex-basis h-column__inner h-px-lg-0 h-px-md-0 h-px-0 v-inner-lg-0 v-inner-md-0 v-inner-0 style-719 style-local-728-c5 position-relative\">\n              <!---->\n              <!---->\n              <div class=\"w-100 h-y-container h-column__content h-column__v-align flex-basis-100 align-self-lg-start align-self-md-start align-self-start\">\n                <!---->\n                <div data-colibri-id=\"728-c6\" class=\"h-global-transition-all h-heading style-720 style-local-728-c6 position-relative h-element\">\n                  <!---->\n                  <div class=\"h-heading__outer style-720 style-local-728-c6\">\n                    <!---->\n                    <!---->\n                    <h4 class=\"\">Hej, jag heter HobbE Jonasson <\/h4>\n                  <\/div>\n                <\/div>\n                <div data-colibri-id=\"728-c7\" class=\"h-global-transition-all h-heading style-721 style-local-728-c7 position-relative h-element\">\n                  <!---->\n                  <div class=\"h-heading__outer style-721 style-local-728-c7\">\n                    <!---->\n                    <!---->\n                    <h2 class=\"\">Varf\u00f6r kallar jag min verksamhet f\u00f6r \u201dSmidespastorn\u201d?<\/h2>\n                  <\/div>\n                <\/div>\n                <div data-colibri-id=\"728-c8\" class=\"h-text h-text-component style-722 style-local-728-c8 position-relative h-element\">\n                  <!---->\n                  <!---->\n                  <div class=\"\">\n                    <p>&nbsp;Jo, f\u00f6r jag h\u00e5ller p\u00e5 med j\u00e4rnsmide p\u00e5 fritiden och jag \u00e4r pastor inom Equmeniakyrkan.<\/p>\n                    <p>J\u00e4rnsmidet har format mycket av v\u00e5r kultur och varit m\u00e4nniskan till hj\u00e4lp och gl\u00e4dje under tusentals \u00e5r. Det k\u00e4nns som jag har kontakt med mitt ursprungs historia n\u00e4r jag st\u00e5r i min smedja och formar j\u00e4rnet. Smide g\u00e5r ut p\u00e5 att omforma\n                      metall till att bli det man vill och l\u00e4ngtar efter. Det kan vara saker som \u00e4r praktiska och vardagliga men det kan ocks\u00e5 vara f\u00f6r att de \u00e4r vackra. Det handlar om att tills\u00e4tta v\u00e4rme och med varsamhet och eftertanke forma metallen\n                      med de verktyg man har.<\/p>\n                    <p>Livet \u00e4r liknade, vi har v\u00e5ra liv och med v\u00e4rme och de verktyg som finns kan vi hj\u00e4lpas \u00e5t att omforma dem till det vi l\u00e4ngtar efter. Det kan vara att vardagen ska fungera b\u00e4ttre eller att livet bara ska f\u00e5 bli vackrare.<\/p>\n                    <p>\u00c4ven kristendomen har format v\u00e5r kultur under tusentals \u00e5r, v\u00e5rt land b\u00f6rjade f\u00e5 del av kristendomen p\u00e5 900-talet. M\u00e5nga lagar och v\u00e4rderingar har sitt ursprung ur kristendomen. I kristendomen s\u00e5 \u00e4r varje enskild m\u00e4nniskas m\u00e4nniskov\u00e4rde\n                      en central del. F\u00f6rl\u00e5telsen och uppr\u00e4ttelse \u00e4r ett fundament, du \u00e4r viktig och ska alltid ha m\u00f6jligheten att omforma ditt liv.<\/p>\n                    <p>Jag har arbetat som ungdomsledare och pastor inom Equmeniakyrkan sedan 1993. Jag har sett att det beh\u00f6vs m\u00f6tesplatser f\u00f6r att f\u00e5 ge uttryck f\u00f6r vem man \u00e4r och f\u00e5 hj\u00e4lp att v\u00e4xa vidare som person och som kristen. Du har \u00e4mnet i dig,\n                      det ska bara smidas varsamt.<\/p>\n                    <p>V\u00e4lkommen att titta vidare p\u00e5 vilka m\u00f6jligheter som vi erbjuder p\u00e5 Smidespastorn. Tillsammans smids vi omsorgsfullt om till dem vi vill vara.<\/p>\n                    <p>\n                      <br>\n                    <\/p>\n                  <\/div>\n                <\/div>\n              <\/div>\n            <\/div>\n          <\/div>\n        <\/div>\n      <\/div>\n    <\/div>\n  <\/div>\n  <div data-colibri-component=\"section\" data-colibri-id=\"728-c9\" id=\"content-4\" class=\"h-section h-section-global-spacing d-flex align-items-lg-center align-items-md-center align-items-center style-751 style-local-728-c9 position-relative\">\n    <!---->\n    <!---->\n    <div class=\"h-section-grid-container h-section-fluid-container\">\n      <!---->\n      <div data-colibri-id=\"728-c10\" class=\"h-row-container gutters-row-lg-0 gutters-row-md-0 gutters-row-2 gutters-row-v-lg-0 gutters-row-v-md-0 gutters-row-v-2 style-752 style-local-728-c10 position-relative\">\n        <!---->\n        <div class=\"h-row justify-content-lg-center justify-content-md-center justify-content-center align-items-lg-stretch align-items-md-stretch align-items-stretch gutters-col-lg-0 gutters-col-md-0 gutters-col-2 gutters-col-v-lg-0 gutters-col-v-md-0 gutters-col-v-2\">\n          <!---->\n          <div class=\"h-column h-column-container d-flex h-col-lg-auto h-col-md-auto h-col-auto style-753-outer style-local-728-c11-outer\">\n            <div data-colibri-id=\"728-c11\" class=\"d-flex h-flex-basis h-column__inner h-px-lg-0 h-px-md-0 h-px-0 v-inner-lg-0 v-inner-md-0 v-inner-0 style-753 style-local-728-c11 position-relative\">\n              <!---->\n              <!---->\n              <div class=\"w-100 h-y-container h-column__content h-column__v-align flex-basis-100 align-self-lg-start align-self-md-start align-self-start\">\n                <!---->\n                <div data-colibri-id=\"728-c12\" class=\"h-global-transition-all h-heading style-755 style-local-728-c12 position-relative h-element\">\n                  <!---->\n                  <div class=\"h-heading__outer style-755 style-local-728-c12\">\n                    <!---->\n                    <!---->\n                    <h2 class=\"\">Lite mer om min bakgrund<\/h2>\n                  <\/div>\n                <\/div>\n                <div data-colibri-id=\"728-c13\" class=\"h-global-transition-all h-heading style-735 style-local-728-c13 position-relative h-element\">\n                  <!---->\n                  <div class=\"h-heading__outer style-735 style-local-728-c13\">\n                    <!---->\n                    <!---->\n                    <h5 class=\"\">UPPV\u00c4XT<\/h5>\n                  <\/div>\n                <\/div>\n                <div data-colibri-id=\"728-c14\" class=\"h-text h-text-component style-736 style-local-728-c14 position-relative h-element\">\n                  <!---->\n                  <!---->\n                  <div class=\"\">\n                    <p>Jag f\u00f6ddes 1968 i G\u00f6teborg, n\u00e4r jag var \u00e5tta \u00e5r flyttade min familj till Hestra i Gislaveds kommun. D\u00e4r v\u00e4xte jag upp i en familj med ett stort socialt och politiskt engagemang. Jag fick med mig varje m\u00e4nniskas lika v\u00e4rde och j\u00e4mst\u00e4lldhet.<\/p>\n                  <\/div>\n                <\/div>\n                <div data-colibri-id=\"728-c15\" class=\"h-global-transition-all h-heading style-735 style-local-728-c15 position-relative h-element\">\n                  <!---->\n                  <div class=\"h-heading__outer style-735 style-local-728-c15\">\n                    <!---->\n                    <!---->\n                    <h5 class=\"\">Grunden till yrkesval<\/h5>\n                  <\/div>\n                <\/div>\n                <div data-colibri-id=\"728-c16\" class=\"h-text h-text-component style-736 style-local-728-c16 position-relative h-element\">\n                  <!---->\n                  <!---->\n                  <div class=\"\">\n                    <p>N\u00e4r jag flyttade till Hestra gick jag med i scouterna i Missionskyrkan (senare Equmeniakyrkan). D\u00e4r m\u00f6tte jag den kristna tron f\u00f6r f\u00f6rsta g\u00e5ngen och under min konfirmationstid s\u00e5 blev Gud verklig f\u00f6r mig. Min tro v\u00e4xte fram under en\n                      ton\u00e5rstid d\u00e5 jag tidvis levde i ett utanf\u00f6rskap och att vara annorlunda i ett litet samh\u00e4lle i Sm\u00e5land. Mina f\u00f6r\u00e4ldrars samh\u00e4llsengagemang gjorde att jag engagerade mig som ledare f\u00f6r ton\u00e5ringar f\u00f6r att dra mitt str\u00e5 till stacken\n                      att f\u00f6rhindra utanf\u00f6rskap. Till slut hade jag en fritidsledarutbildning och b\u00f6rjade arbeta i en missionsf\u00f6rsamling och numera \u00e4r jag ordinerad pastor i Equmeniakyrkan.<\/p>\n                  <\/div>\n                <\/div>\n                <div data-colibri-id=\"728-c17\" class=\"h-global-transition-all h-heading style-735 style-local-728-c17 position-relative h-element\">\n                  <!---->\n                  <div class=\"h-heading__outer style-735 style-local-728-c17\">\n                    <!---->\n                    <!---->\n                    <h5 class=\"\">Singellivet<\/h5>\n                  <\/div>\n                <\/div>\n                <div data-colibri-id=\"728-c18\" class=\"h-text h-text-component style-736 style-local-728-c18 position-relative h-element\">\n                  <!---->\n                  <!---->\n                  <div class=\"\">\n                    <p>Jag levde som singel tills jag var 42 \u00e5r d\u00e5 jag tr\u00e4ffade min blivande fru Tintin. Under m\u00e5nga \u00e5r som singel brottades jag med d\u00e5lig sj\u00e4lvk\u00e4nsla, jag hade sv\u00e5rt att \u00e4lska mig sj\u00e4lv och \u00e4nnu sv\u00e5rare att n\u00e5gon annan skulle kunna \u00e4lska\n                      mig. Parallellt under den tiden s\u00e5 hade jag ett stort sj\u00e4lvf\u00f6rtroende i min yrkesroll och stod upp f\u00f6r andra och gjorde ett bra jobb. Som 35-\u00e5ring s\u00e5 gick det inte l\u00e4ngre, jag gick in i en livskris och fick f\u00f6rm\u00e5nen att g\u00e5 i terapi.\n                      D\u00e4r l\u00e4rde jag mig att \u00e4lska mig sj\u00e4lv och fick sj\u00e4lvk\u00e4nslan att jag faktiskt \u00e4r v\u00e4rd att \u00e4lskas. Det ledde till att jag v\u00e5gade m\u00f6ta kvinnor med en \u00f6ppenhet och frihet som jag inte hade v\u00e5gat innan. Som ett brev p\u00e5 posten s\u00e5 var jag\n                      nu en attraktiv man f\u00f6r jag v\u00e5gade vara mig sj\u00e4lv. Sedan hade jag turen att f\u00e5 tr\u00e4ffa en sj\u00e4lsfr\u00e4nde i Tintin.<\/p>\n                  <\/div>\n                <\/div>\n                <div data-colibri-id=\"728-c19\" class=\"h-global-transition-all h-heading style-735 style-local-728-c19 position-relative h-element\">\n                  <!---->\n                  <div class=\"h-heading__outer style-735 style-local-728-c19\">\n                    <!---->\n                    <!---->\n                    <h5 class=\"\">Fritid<\/h5>\n                  <\/div>\n                <\/div>\n                <div data-colibri-id=\"728-c20\" class=\"h-text h-text-component style-736 style-local-728-c20 position-relative h-element\">\n                  <!---->\n                  <!---->\n                  <div class=\"\">\n                    <p>Fritiden har varit full av idrott och friluftsliv, jag har spelat mycket volleyboll, beachvolley och fj\u00e4llvandrat. Men s\u00e5 kom artros i h\u00f6fterna och jag fick b\u00f6rja leta nya passioner i livet. D\u00e5 v\u00e4xte mitt intresse f\u00f6r j\u00e4rnsmide fram\n                      och jag har b\u00f6rjat paddla kajak. <\/p>\n                    <p>Det \u00e4r s\u00e5 viktigt att v\u00e5ga hitta nya passioner n\u00e4r gamla rycks ifr\u00e5n oss. Och som smed har jag l\u00e4rt mig att med r\u00e4tt v\u00e4rme, verktyg och k\u00e4rlek kan man forma kall och kantig metall till n\u00e5got vackert och anv\u00e4ndbart. Att v\u00e5ga f\u00f6r\u00e4ndring\n                      \u00e4r f\u00f6ruts\u00e4ttning f\u00f6r lycka och liv.<\/p>\n                    <p>\n                      <br>\n                    <\/p>\n                  <\/div>\n                <\/div>\n              <\/div>\n            <\/div>\n          <\/div>\n          <div class=\"h-column h-column-container d-flex h-col-lg-auto h-col-md-auto h-col-auto style-761-outer style-local-728-c21-outer\">\n            <div data-colibri-id=\"728-c21\" class=\"d-flex h-flex-basis h-column__inner h-ui-empty-state-container h-px-lg-0 h-px-md-0 h-px-0 v-inner-lg-0 v-inner-md-0 v-inner-0 style-761 style-local-728-c21 position-relative\">\n              <!---->\n              <!---->\n              <div class=\"w-100 h-y-container h-column__content h-column__v-align flex-basis-100\">\n                <!---->\n              <\/div>\n            <\/div>\n          <\/div>\n        <\/div>\n      <\/div>\n    <\/div>\n  <\/div>\n  <div data-colibri-component=\"section\" data-colibri-id=\"728-c22\" id=\"content-3\" class=\"h-section h-section-global-spacing d-flex align-items-lg-center align-items-md-center align-items-center style-738 style-local-728-c22 position-relative\">\n    <!---->\n    <!---->\n    <div class=\"h-section-grid-container h-section-fluid-container\">\n      <!---->\n      <div data-colibri-id=\"728-c23\" class=\"h-row-container gutters-row-lg-0 gutters-row-md-0 gutters-row-2 gutters-row-v-lg-0 gutters-row-v-md-0 gutters-row-v-2 style-739 style-local-728-c23 position-relative\">\n        <!---->\n        <div class=\"h-row justify-content-lg-center justify-content-md-center justify-content-center align-items-lg-stretch align-items-md-stretch align-items-stretch gutters-col-lg-0 gutters-col-md-0 gutters-col-2 gutters-col-v-lg-0 gutters-col-v-md-0 gutters-col-v-2\">\n          <!---->\n          <div class=\"h-column h-column-container d-flex h-col-lg-auto h-col-md-auto h-col-auto style-740-outer style-local-728-c24-outer\">\n            <div data-colibri-id=\"728-c24\" class=\"d-flex h-flex-basis h-column__inner h-px-lg-0 h-px-md-0 h-px-0 v-inner-lg-0 v-inner-md-0 v-inner-0 style-740 style-local-728-c24 position-relative\">\n              <!---->\n              <!---->\n              <div class=\"w-100 h-y-container h-column__content h-column__v-align flex-basis-100 align-self-lg-start align-self-md-start align-self-start\">\n                <!---->\n                <div data-colibri-id=\"728-c25\" class=\"h-global-transition-all h-heading style-742 style-local-728-c25 position-relative h-element\">\n                  <!---->\n                  <div class=\"h-heading__outer style-742 style-local-728-c25\">\n                    <!---->\n                    <!---->\n                    <h2 class=\"\">Min logotyp<\/h2>\n                  <\/div>\n                <\/div>\n                <div data-colibri-id=\"728-c26\" class=\"h-text h-text-component style-743 style-local-728-c26 position-relative h-element\">\n                  <!---->\n                  <!---->\n                  <div class=\"\">\n                    <p>N\u00e4r jag jobbade med min logotyp s\u00e5 var det viktigt att kunna f\u00e5 med helheten i vad jag g\u00f6r, allt fr\u00e5n smide, m\u00f6tet mellan m\u00e4nniskor och det kristna k\u00e4rleksbudskapet jag som pastor vill vara med att f\u00f6rmedla. D\u00e5 var Ichthys-fisken naturlig\n                      och sj\u00e4lvklar att ha med. F\u00f6r \u201dIchthys\u201d \u00e4r en akronym som betyder &#8221;IESOUS CHRISTOS THEOU YIOS SOTER&#8221; som betyder Jesus Kristus, Guds Son, Fr\u00e4lsare.<\/p>\n                    <p>Bland de f\u00f6rsta kristna som levde ett utsatt liv i f\u00f6rf\u00f6ljelse blev just Ichthys-fisken en hemlig symbol. N\u00e4r man m\u00f6tte n\u00e5gon s\u00e5 kunde de rita en halvb\u00e5ge i sanden och om den m\u00f6tande ocks\u00e5 var kristen s\u00e5 fyllde hen i den andra halvb\u00e5gen.\n                      P\u00e5 det s\u00e4ttet symboliserar Ichthys-fisken b\u00e5de m\u00f6tet mellan m\u00e4nniskor, mellan m\u00e4nniska och Gud men ocks\u00e5 ett m\u00f6te d\u00e4r vi f\u00e5r vara oss sj\u00e4lva helt och fullt. D\u00e4r vi f\u00e5r dela det viktiga i livet.<\/p>\n                    <p>D\u00e4rf\u00f6r har det blivit \u201dSMIDESPASTORN\u201d med Ichthys-fisken i smidesstil, f\u00f6r smidet symboliserar att varje m\u00e4nniska b\u00e4r p\u00e5 det man beh\u00f6ver f\u00f6r livet. Men precis som det kalla j\u00e4rnet beh\u00f6ver v\u00e4rme, k\u00e4rlek och de r\u00e4tta verktygen f\u00f6r att\n                      formas till n\u00e5got vackert och andv\u00e4ndningsbart, s\u00e5 formas vi m\u00e4nniskor i m\u00f6tet med andra m\u00e4nniskor, i goda grupper och enskilda samtal.<\/p>\n                    <p> Cirklar runt symboliserar att vi finns mitt i historien och vi omsluts av den. Man \u00e4r inte ensam, det finns m\u00e4nniskor runt om och vi omsluts av Gud sj\u00e4lv.<\/p>\n                    <p>\n                      <br>\n                    <\/p>\n                  <\/div>\n                <\/div>\n              <\/div>\n            <\/div>\n          <\/div>\n          <div class=\"h-column h-column-container d-flex h-col-lg-auto h-col-md-auto h-col-auto style-748-outer style-local-728-c27-outer\">\n            <div data-colibri-id=\"728-c27\" class=\"d-flex h-flex-basis h-column__inner h-px-lg-0 h-px-md-0 h-px-0 v-inner-lg-0 v-inner-md-0 v-inner-0 style-748 style-local-728-c27 position-relative\">\n              <!---->\n              <!---->\n              <div class=\"w-100 h-y-container h-column__content h-column__v-align flex-basis-100 align-self-lg-start align-self-md-start align-self-start\">\n                <!---->\n                <div data-colibri-id=\"728-c28\" class=\"d-block style-749 style-local-728-c28 position-relative h-element\">\n                  <!---->\n                  <div class=\"h-image__frame-container-outer\">\n                    <div class=\"h-image__frame-container\">\n                      <!---->\n                      <!---->\n                      <img loading=\"lazy\" decoding=\"async\" width=\"1191\" height=\"1198\" src=\"https:\/\/www.smidespastorn.se\/wp-content\/uploads\/2022\/01\/logo-smidespastorn-transparent.png\" class=\"wp-image-1348 style-749-image style-local-728-c28-image\" alt=\"\" srcset=\"https:\/\/www.smidespastorn.se\/wp-content\/uploads\/2022\/01\/logo-smidespastorn-transparent.png 1191w, https:\/\/www.smidespastorn.se\/wp-content\/uploads\/2022\/01\/logo-smidespastorn-transparent-298x300.png 298w, https:\/\/www.smidespastorn.se\/wp-content\/uploads\/2022\/01\/logo-smidespastorn-transparent-1018x1024.png 1018w, https:\/\/www.smidespastorn.se\/wp-content\/uploads\/2022\/01\/logo-smidespastorn-transparent-150x150.png 150w, https:\/\/www.smidespastorn.se\/wp-content\/uploads\/2022\/01\/logo-smidespastorn-transparent-768x773.png 768w\" sizes=\"auto, (max-width: 1191px) 100vw, 1191px\" \/>\n                      <div class=\"h-image__frame h-hide-lg h-hide-md h-hide-sm style-749-frameImage style-local-728-c28-frameImage\"><\/div>\n                    <\/div>\n                  <\/div>\n                <\/div>\n              <\/div>\n            <\/div>\n          <\/div>\n        <\/div>\n      <\/div>\n    <\/div>\n  <\/div>\n<\/div>","protected":false},"excerpt":{"rendered":"<p>Hej, jag heter HobbE Jonasson Varf\u00f6r kallar jag min verksamhet f\u00f6r \u201dSmidespastorn\u201d? &nbsp;Jo, f\u00f6r jag h\u00e5ller p\u00e5 med j\u00e4rnsmide p\u00e5 fritiden och jag \u00e4r pastor inom Equmeniakyrkan. J\u00e4rnsmidet har format mycket av v\u00e5r kultur och varit m\u00e4nniskan till hj\u00e4lp och gl\u00e4dje under tusentals \u00e5r. Det k\u00e4nns som jag har kontakt med mitt ursprungs historia n\u00e4r [&hellip;]<\/p>\n","protected":false},"author":1,"featured_media":0,"parent":0,"menu_order":0,"comment_status":"closed","ping_status":"closed","template":"page-templates\/full-width-page.php","meta":{"footnotes":""},"class_list":["post-728","page","type-page","status-publish","hentry"],"_links":{"self":[{"href":"https:\/\/www.smidespastorn.se\/index.php?rest_route=\/wp\/v2\/pages\/728","targetHints":{"allow":["GET"]}}],"collection":[{"href":"https:\/\/www.smidespastorn.se\/index.php?rest_route=\/wp\/v2\/pages"}],"about":[{"href":"https:\/\/www.smidespastorn.se\/index.php?rest_route=\/wp\/v2\/types\/page"}],"author":[{"embeddable":true,"href":"https:\/\/www.smidespastorn.se\/index.php?rest_route=\/wp\/v2\/users\/1"}],"replies":[{"embeddable":true,"href":"https:\/\/www.smidespastorn.se\/index.php?rest_route=%2Fwp%2Fv2%2Fcomments&post=728"}],"version-history":[{"count":9,"href":"https:\/\/www.smidespastorn.se\/index.php?rest_route=\/wp\/v2\/pages\/728\/revisions"}],"predecessor-version":[{"id":1493,"href":"https:\/\/www.smidespastorn.se\/index.php?rest_route=\/wp\/v2\/pages\/728\/revisions\/1493"}],"wp:attachment":[{"href":"https:\/\/www.smidespastorn.se\/index.php?rest_route=%2Fwp%2Fv2%2Fmedia&parent=728"}],"curies":[{"name":"wp","href":"https:\/\/api.w.org\/{rel}","templated":true}]}}