{"id":710,"date":"2022-01-21T12:52:14","date_gmt":"2022-01-21T12:52:14","guid":{"rendered":"https:\/\/www.smidespastorn.se\/?page_id=710"},"modified":"2022-02-23T11:01:47","modified_gmt":"2022-02-23T11:01:47","slug":"smide","status":"publish","type":"page","link":"https:\/\/www.smidespastorn.se\/?page_id=710","title":{"rendered":"Smide"},"content":{"rendered":"<div data-colibri-id=\"710-c1\" class=\"style-668 style-local-710-c1 position-relative\">\n  <!---->\n  <div data-colibri-component=\"section\" data-colibri-id=\"710-c2\" id=\"content\" class=\"h-section h-section-global-spacing d-flex align-items-lg-center align-items-md-center align-items-center style-673 style-local-710-c2 h-overflow-hidden position-relative\">\n    <!---->\n    <!---->\n    <div class=\"h-section-grid-container h-section-fluid-container\">\n      <!---->\n      <div data-colibri-id=\"710-c3\" class=\"h-row-container gutters-row-lg-0 gutters-row-md-0 gutters-row-2 gutters-row-v-lg-0 gutters-row-v-md-0 gutters-row-v-2 style-674 style-local-710-c3 position-relative\">\n        <!---->\n        <div class=\"h-row justify-content-lg-center justify-content-md-center justify-content-center align-items-lg-stretch align-items-md-stretch align-items-stretch gutters-col-lg-0 gutters-col-md-0 gutters-col-2 gutters-col-v-lg-0 gutters-col-v-md-0 gutters-col-v-2\">\n          <!---->\n          <div class=\"h-column h-column-container d-flex h-col-lg-auto h-col-md-auto h-col-auto style-675-outer style-local-710-c4-outer\">\n            <div data-colibri-id=\"710-c4\" class=\"d-flex h-flex-basis h-column__inner h-ui-empty-state-container h-px-lg-0 h-px-md-0 h-px-0 v-inner-lg-0 v-inner-md-0 v-inner-0 style-675 style-local-710-c4 position-relative\">\n              <!---->\n              <!---->\n              <div class=\"w-100 h-y-container h-column__content h-column__v-align flex-basis-100\">\n                <!---->\n              <\/div>\n            <\/div>\n          <\/div>\n          <div class=\"h-column h-column-container d-flex h-col-lg-auto h-col-md-auto h-col-auto style-676-outer style-local-710-c5-outer\">\n            <div data-colibri-id=\"710-c5\" class=\"d-flex h-flex-basis h-column__inner h-px-lg-0 h-px-md-0 h-px-0 v-inner-lg-0 v-inner-md-0 v-inner-0 style-676 style-local-710-c5 position-relative\">\n              <!---->\n              <!---->\n              <div class=\"w-100 h-y-container h-column__content h-column__v-align flex-basis-100 align-self-lg-start align-self-md-start align-self-start\">\n                <!---->\n                <div data-colibri-id=\"710-c6\" class=\"h-global-transition-all h-heading style-678 style-local-710-c6 position-relative h-element\">\n                  <!---->\n                  <div class=\"h-heading__outer style-678 style-local-710-c6\">\n                    <!---->\n                    <!---->\n                    <h2 class=\"\">Skapar f\u00f6r att jag \u00e4lskar det<\/h2>\n                  <\/div>\n                <\/div>\n                <div data-colibri-id=\"710-c7\" class=\"h-text h-text-component style-679 style-local-710-c7 position-relative h-element\">\n                  <!---->\n                  <!---->\n                  <div class=\"\">\n                    <p>J\u00e4rnsmidet har format mycket av v\u00e5r kultur och varit m\u00e4nniskan till hj\u00e4lp och gl\u00e4dje under tusentals \u00e5r. Det k\u00e4nns som jag har kontakt med mitt ursprungs historia n\u00e4r jag st\u00e5r i min smedja och formar j\u00e4rnet. Jag har inte vad jag vet\n                      n\u00e5gon smed i sl\u00e4kten men p\u00e5 min fars sida s\u00e5 finns sj\u00f6m\u00e4n och skeppare. D\u00e4rf\u00f6r har det k\u00e4nts naturligt f\u00f6r mig att f\u00f6rena sj\u00f6manssl\u00f6jd och smide till en gemensam konstform. Framf\u00f6r allt s\u00e5 f\u00f6ljer jag mitt hj\u00e4rta och lust i skapandet.\n                      Jag producerar inte f\u00f6r att s\u00e4lja och leva p\u00e5 smidet, utan jag skapar f\u00f6r att jag \u00e4lskar det och s\u00e5 s\u00e4ljer jag det som blir.<\/p>\n                    <p>Det blir olika sorters smycken, mest halsband och armband i skiftande utseenden. Jag g\u00f6r ocks\u00e5 ljusstakar, oljelampor och prydnadssaker som till exempel \u00e4nglar mm. Sedan blir det alltid lite bruksf\u00f6rem\u00e5l som krokar, hakar och vad jag\n                      beh\u00f6ver i vardagen.<\/p>\n                  <\/div>\n                <\/div>\n              <\/div>\n            <\/div>\n          <\/div>\n        <\/div>\n      <\/div>\n    <\/div>\n  <\/div>\n  <div data-colibri-component=\"section\" data-colibri-id=\"710-c8\" id=\"content-2\" class=\"h-section h-section-global-spacing d-flex align-items-lg-center align-items-md-center align-items-center style-684 style-local-710-c8 position-relative\">\n    <!---->\n    <!---->\n    <div class=\"h-section-grid-container h-section-fluid-container\">\n      <!---->\n      <div data-colibri-id=\"710-c9\" class=\"h-row-container gutters-row-lg-0 gutters-row-md-0 gutters-row-2 gutters-row-v-lg-0 gutters-row-v-md-0 gutters-row-v-2 style-685 style-local-710-c9 position-relative\">\n        <!---->\n        <div class=\"h-row justify-content-lg-center justify-content-md-center justify-content-center align-items-lg-stretch align-items-md-stretch align-items-stretch gutters-col-lg-0 gutters-col-md-0 gutters-col-2 gutters-col-v-lg-0 gutters-col-v-md-0 gutters-col-v-2\">\n          <!---->\n          <div class=\"h-column h-column-container d-flex h-col-lg-auto h-col-md-auto h-col-auto style-686-outer style-local-710-c10-outer\">\n            <div data-colibri-id=\"710-c10\" class=\"d-flex h-flex-basis h-column__inner h-px-lg-0 h-px-md-0 h-px-0 v-inner-lg-0 v-inner-md-0 v-inner-0 style-686 style-local-710-c10 position-relative\">\n              <!---->\n              <!---->\n              <div class=\"w-100 h-y-container h-column__content h-column__v-align flex-basis-100 align-self-lg-start align-self-md-start align-self-start\">\n                <!---->\n                <div data-colibri-id=\"710-c11\" class=\"h-global-transition-all h-heading style-688 style-local-710-c11 position-relative h-element\">\n                  <!---->\n                  <div class=\"h-heading__outer style-688 style-local-710-c11\">\n                    <!---->\n                    <!---->\n                    <h2 class=\"\">ICHTHYS-FISKEN<\/h2>\n                  <\/div>\n                <\/div>\n                <div data-colibri-id=\"710-c12\" class=\"h-row-container gutters-row-lg-2 gutters-row-md-2 gutters-row-0 gutters-row-v-lg-2 gutters-row-v-md-2 gutters-row-v-0 style-690 style-local-710-c12 position-relative\">\n                  <!---->\n                  <div class=\"h-row justify-content-lg-center justify-content-md-center justify-content-center align-items-lg-stretch align-items-md-stretch align-items-stretch gutters-col-lg-2 gutters-col-md-2 gutters-col-0 gutters-col-v-lg-2 gutters-col-v-md-2 gutters-col-v-0\">\n                    <!---->\n                    <div class=\"h-column h-column-container d-flex h-col-lg-6 h-col-md-6 h-col-12 style-691-outer style-local-710-c13-outer\">\n                      <div data-colibri-id=\"710-c13\" class=\"d-flex h-flex-basis h-column__inner h-px-lg-0 h-px-md-0 h-px-0 v-inner-lg-0 v-inner-md-0 v-inner-0 style-691 style-local-710-c13 position-relative\">\n                        <!---->\n                        <!---->\n                        <div class=\"w-100 h-y-container h-column__content h-column__v-align flex-basis-100 align-self-lg-start align-self-md-start align-self-start\">\n                          <!---->\n                          <div data-colibri-id=\"710-c14\" class=\"h-global-transition-all h-heading style-682 style-local-710-c14 position-relative h-element\">\n                            <!---->\n                            <div class=\"h-heading__outer style-682 style-local-710-c14\">\n                              <!---->\n                              <!---->\n                              <h5 class=\"\">ett hemligt tecken<\/h5>\n                            <\/div>\n                          <\/div>\n                          <div data-colibri-id=\"710-c15\" class=\"h-text h-text-component style-689 style-local-710-c15 position-relative h-element\">\n                            <!---->\n                            <!---->\n                            <div class=\"\">\n                              <p>Jag har Ichthys-fisken i min logga f\u00f6r att det var det f\u00f6rsta som jag smidde i min smedja, det halssmycket var till en sv\u00e5rt sjuk v\u00e4n. Jag visste inte hur l\u00e4nge hon skulle leva men hon \u00f6nskade sig just en Ichthys-fisk av\n                                mig. Jag gick in i smedjan och under b\u00f6n f\u00f6r min v\u00e4n smidde jag halssmycket, ett smycke som fick f\u00f6lja henne i graven. Det k\u00e4ndes stort att f\u00e5 vara med att ge ett hopp om livet efter detta. F\u00f6r \u201dIchthys\u201d \u00e4r en akronym som\n                                betyder &#8221;IESOUS CHRISTOS THEOU YIOS SOTER&#8221; som betyder Jesus Kristus, Guds Son, Fr\u00e4lsare.<\/p>\n                              <p>Ichthys-fisken \u00e4r en symbol f\u00f6r att Jesus Kristus har gett oss m\u00f6jligheten att f\u00e5 en k\u00e4rleksfull relation med Gud och att vi ska f\u00e5 uppst\u00e5 efter d\u00f6den.<\/p>\n                            <\/div>\n                          <\/div>\n                          <div data-colibri-id=\"710-c16\" class=\"h-text h-text-component style-683 style-local-710-c16 position-relative h-element\">\n                            <!---->\n                            <!---->\n                            <div class=\"\">\n                              <p>Enligt den kristna traditionen anv\u00e4ndes Ichthys-fisken som ett hemligt tecken f\u00f6r de f\u00f6rsta kristna under den kraftiga f\u00f6rf\u00f6ljelsen som br\u00f6t ut under f\u00f6rsta \u00e5rhundradet. N\u00e4r man m\u00f6tte n\u00e5gon som man samtalade med s\u00e5 drog man\n                                en halvb\u00e5ge, fr\u00e5n huvudet till nedre delen av stj\u00e4rten och om den andre ocks\u00e5 var kristen s\u00e5 fyllde hen i den andra halvb\u00e5gen som var spegelv\u00e4nd och bildade Ichthys-fisken. S\u00e5 l\u00e5t denna symbol som har skyddat m\u00e5nga m\u00e4nniskor\n                                i historien f\u00e5 forts\u00e4tta att ge dig skydd.<\/p>\n                              <p>\n                                <br>\n                              <\/p>\n                            <\/div>\n                          <\/div>\n                        <\/div>\n                      <\/div>\n                    <\/div>\n                    <div class=\"h-column h-column-container d-flex h-col-lg-6 h-col-md-6 h-col-12 style-691-outer style-local-710-c17-outer\">\n                      <div data-colibri-id=\"710-c17\" class=\"d-flex h-flex-basis h-column__inner h-px-lg-0 h-px-md-0 h-px-0 v-inner-lg-0 v-inner-md-0 v-inner-0 style-691 style-local-710-c17 position-relative\">\n                        <!---->\n                        <!---->\n                        <div class=\"w-100 h-y-container h-column__content h-column__v-align flex-basis-100 align-self-lg-start align-self-md-start align-self-start\">\n                          <!---->\n                          <div data-colibri-id=\"710-c18\" class=\"h-global-transition-all h-heading style-692 style-local-710-c18 position-relative h-element\">\n                            <!---->\n                            <div class=\"h-heading__outer style-692 style-local-710-c18\">\n                              <!---->\n                              <!---->\n                              <h5 class=\"\">\u201dIKON\u201d-SMIDE<\/h5>\n                            <\/div>\n                          <\/div>\n                          <div data-colibri-id=\"710-c19\" class=\"h-text h-text-component style-683 style-local-710-c19 position-relative h-element\">\n                            <!---->\n                            <!---->\n                            <div class=\"\">\n                              <p>Vill du ha ett halssmycke i form av en Ichthys-fisk s\u00e5 kontakta mig. D\u00e5 pratar vi lite s\u00e5 jag vet lite mer vem du \u00e4r och vilken storlek du vill ha p\u00e5 Ichthys-fisken. Sedan g\u00e5r jag in i min smedja och under b\u00f6n f\u00f6r dig smider\n                                jag just din Ichthys-fisk som du f\u00e5r b\u00e4ra som en st\u00e4ndig f\u00f6rb\u00f6n f\u00f6r dig.<\/p>\n                            <\/div>\n                          <\/div>\n                        <\/div>\n                      <\/div>\n                    <\/div>\n                  <\/div>\n                <\/div>\n              <\/div>\n            <\/div>\n          <\/div>\n          <div class=\"h-column h-column-container d-flex h-col-lg-auto h-col-md-auto h-col-auto style-694-outer style-local-710-c20-outer\">\n            <div data-colibri-id=\"710-c20\" class=\"d-flex h-flex-basis h-column__inner h-px-lg-0 h-px-md-0 h-px-0 v-inner-lg-0 v-inner-md-0 v-inner-0 style-694 style-local-710-c20 position-relative\">\n              <!---->\n              <!---->\n              <div class=\"w-100 h-y-container h-column__content h-column__v-align flex-basis-100 align-self-lg-start align-self-md-start align-self-start\">\n                <!---->\n                <div data-colibri-id=\"710-c21\" class=\"d-block style-696 style-local-710-c21 position-relative h-element\">\n                  <!---->\n                  <div class=\"h-image__frame-container-outer\">\n                    <div class=\"h-image__frame-container\">\n                      <!---->\n                      <!---->\n                      <img loading=\"lazy\" decoding=\"async\" width=\"1191\" height=\"1198\" src=\"https:\/\/www.smidespastorn.se\/wp-content\/uploads\/2022\/01\/logo-smidespastorn.png\" class=\"wp-image-1331 style-696-image style-local-710-c21-image\" alt=\"\" srcset=\"https:\/\/www.smidespastorn.se\/wp-content\/uploads\/2022\/01\/logo-smidespastorn.png 1191w, https:\/\/www.smidespastorn.se\/wp-content\/uploads\/2022\/01\/logo-smidespastorn-298x300.png 298w, https:\/\/www.smidespastorn.se\/wp-content\/uploads\/2022\/01\/logo-smidespastorn-1018x1024.png 1018w, https:\/\/www.smidespastorn.se\/wp-content\/uploads\/2022\/01\/logo-smidespastorn-150x150.png 150w, https:\/\/www.smidespastorn.se\/wp-content\/uploads\/2022\/01\/logo-smidespastorn-768x773.png 768w\" sizes=\"auto, (max-width: 1191px) 100vw, 1191px\" \/>\n                      <div class=\"h-image__frame h-hide-lg h-hide-md h-hide-sm style-696-frameImage style-local-710-c21-frameImage\"><\/div>\n                    <\/div>\n                  <\/div>\n                <\/div>\n              <\/div>\n            <\/div>\n          <\/div>\n        <\/div>\n      <\/div>\n    <\/div>\n  <\/div>\n<\/div>","protected":false},"excerpt":{"rendered":"<p>Skapar f\u00f6r att jag \u00e4lskar det J\u00e4rnsmidet har format mycket av v\u00e5r kultur och varit m\u00e4nniskan till hj\u00e4lp och gl\u00e4dje under tusentals \u00e5r. Det k\u00e4nns som jag har kontakt med mitt ursprungs historia n\u00e4r jag st\u00e5r i min smedja och formar j\u00e4rnet. Jag har inte vad jag vet n\u00e5gon smed i sl\u00e4kten men p\u00e5 min [&hellip;]<\/p>\n","protected":false},"author":1,"featured_media":0,"parent":0,"menu_order":0,"comment_status":"closed","ping_status":"closed","template":"page-templates\/full-width-page.php","meta":{"footnotes":""},"class_list":["post-710","page","type-page","status-publish","hentry"],"_links":{"self":[{"href":"https:\/\/www.smidespastorn.se\/index.php?rest_route=\/wp\/v2\/pages\/710","targetHints":{"allow":["GET"]}}],"collection":[{"href":"https:\/\/www.smidespastorn.se\/index.php?rest_route=\/wp\/v2\/pages"}],"about":[{"href":"https:\/\/www.smidespastorn.se\/index.php?rest_route=\/wp\/v2\/types\/page"}],"author":[{"embeddable":true,"href":"https:\/\/www.smidespastorn.se\/index.php?rest_route=\/wp\/v2\/users\/1"}],"replies":[{"embeddable":true,"href":"https:\/\/www.smidespastorn.se\/index.php?rest_route=%2Fwp%2Fv2%2Fcomments&post=710"}],"version-history":[{"count":18,"href":"https:\/\/www.smidespastorn.se\/index.php?rest_route=\/wp\/v2\/pages\/710\/revisions"}],"predecessor-version":[{"id":1642,"href":"https:\/\/www.smidespastorn.se\/index.php?rest_route=\/wp\/v2\/pages\/710\/revisions\/1642"}],"wp:attachment":[{"href":"https:\/\/www.smidespastorn.se\/index.php?rest_route=%2Fwp%2Fv2%2Fmedia&parent=710"}],"curies":[{"name":"wp","href":"https:\/\/api.w.org\/{rel}","templated":true}]}}