{"id":2417,"date":"2026-03-06T09:21:41","date_gmt":"2026-03-06T09:21:41","guid":{"rendered":"https:\/\/www.smidespastorn.se\/?page_id=2417"},"modified":"2026-03-06T10:04:21","modified_gmt":"2026-03-06T10:04:21","slug":"relationssamtal","status":"publish","type":"page","link":"https:\/\/www.smidespastorn.se\/?page_id=2417","title":{"rendered":"Relationssamtal"},"content":{"rendered":"<div data-colibri-id=\"2417-c1\" class=\"style-1013 style-local-2417-c1 position-relative\">\n  <!---->\n  <div data-colibri-component=\"section\" data-colibri-id=\"2417-c2\" id=\"content\" class=\"h-section h-section-global-spacing d-flex align-items-lg-center align-items-md-center align-items-center style-1014 style-local-2417-c2 h-overflow-hidden position-relative\">\n    <!---->\n    <!---->\n    <div class=\"h-section-grid-container h-section-fluid-container\">\n      <!---->\n      <div data-colibri-id=\"2417-c3\" class=\"h-row-container gutters-row-lg-0 gutters-row-md-0 gutters-row-2 gutters-row-v-lg-0 gutters-row-v-md-0 gutters-row-v-2 style-1015 style-local-2417-c3 position-relative\">\n        <!---->\n        <div class=\"h-row justify-content-lg-center justify-content-md-center justify-content-center align-items-lg-stretch align-items-md-stretch align-items-stretch gutters-col-lg-0 gutters-col-md-0 gutters-col-2 gutters-col-v-lg-0 gutters-col-v-md-0 gutters-col-v-2\">\n          <!---->\n          <div class=\"h-column h-column-container d-flex h-col-lg-auto h-col-md-auto h-col-auto style-1016-outer style-local-2417-c4-outer\">\n            <div data-colibri-id=\"2417-c4\" class=\"d-flex h-flex-basis h-column__inner h-ui-empty-state-container h-px-lg-0 h-px-md-0 h-px-0 v-inner-lg-0 v-inner-md-0 v-inner-0 style-1016 style-local-2417-c4 position-relative\">\n              <!---->\n              <!---->\n              <div class=\"w-100 h-y-container h-column__content h-column__v-align flex-basis-100\">\n                <!---->\n              <\/div>\n            <\/div>\n          <\/div>\n          <div class=\"h-column h-column-container d-flex h-col-lg-auto h-col-md-auto h-col-auto style-1017-outer style-local-2417-c5-outer\">\n            <div data-colibri-id=\"2417-c5\" class=\"d-flex h-flex-basis h-column__inner h-px-lg-0 h-px-md-0 h-px-0 v-inner-lg-0 v-inner-md-0 v-inner-0 style-1017 style-local-2417-c5 position-relative\">\n              <!---->\n              <!---->\n              <div class=\"w-100 h-y-container h-column__content h-column__v-align flex-basis-100 align-self-lg-start align-self-md-start align-self-start\">\n                <!---->\n                <div data-colibri-id=\"2417-c6\" class=\"h-global-transition-all h-heading style-1018 style-local-2417-c6 position-relative h-element\">\n                  <!---->\n                  <div class=\"h-heading__outer style-1018 style-local-2417-c6\">\n                    <!---->\n                    <!---->\n                    <h4 class=\"\">serva ditt f\u00f6r f\u00f6rh\u00e5llande<\/h4>\n                  <\/div>\n                <\/div>\n                <div data-colibri-id=\"2417-c7\" class=\"h-global-transition-all h-heading style-1019 style-local-2417-c7 position-relative h-element\">\n                  <!---->\n                  <div class=\"h-heading__outer style-1019 style-local-2417-c7\">\n                    <!---->\n                    <!---->\n                    <h2 class=\"\">Relationssamtal<\/h2>\n                  <\/div>\n                <\/div>\n                <div data-colibri-id=\"2417-c8\" class=\"h-text h-text-component style-1020 style-local-2417-c8 position-relative h-element\">\n                  <!---->\n                  <!---->\n                  <div class=\"\">\n                    <p>Du b\u00e5de besiktigar och servar bilen regelbundet f\u00f6r att kunna k\u00f6ra s\u00e4kert och undvika on\u00f6diga driftst\u00f6rningar. Ditt f\u00f6rh\u00e5llande \u00e4r s\u00e5 mycket viktigare \u00e4n din bil, s\u00e5 varf\u00f6r inte besikta och serva ditt f\u00f6r f\u00f6rh\u00e5llande.<\/p>\n                    <p>S\u00e5 lever du redan i ett f\u00f6rh\u00e5llande, ge din parter och dig samtal tillsammans som br\u00f6llopsdagspesent eller bara anm\u00e4l er!<\/p>\n                    <p>Ni v\u00e4ljer hur m\u00e5nga samtal ni vill ha, de kostar 800 kronor per timme. <\/p>\n                    <p>Vi ses p\u00e5 Nelsonsgatan 1 i Bor\u00e5s eller p\u00e5 l\u00e4nk.<\/p>\n                  <\/div>\n                <\/div>\n              <\/div>\n            <\/div>\n          <\/div>\n        <\/div>\n      <\/div>\n    <\/div>\n  <\/div>\n<\/div>","protected":false},"excerpt":{"rendered":"<p>serva ditt f\u00f6r f\u00f6rh\u00e5llande Relationssamtal Du b\u00e5de besiktigar och servar bilen regelbundet f\u00f6r att kunna k\u00f6ra s\u00e4kert och undvika on\u00f6diga driftst\u00f6rningar. Ditt f\u00f6rh\u00e5llande \u00e4r s\u00e5 mycket viktigare \u00e4n din bil, s\u00e5 varf\u00f6r inte besikta och serva ditt f\u00f6r f\u00f6rh\u00e5llande. S\u00e5 lever du redan i ett f\u00f6rh\u00e5llande, ge din parter och dig samtal tillsammans som br\u00f6llopsdagspesent [&hellip;]<\/p>\n","protected":false},"author":1,"featured_media":0,"parent":0,"menu_order":0,"comment_status":"closed","ping_status":"closed","template":"page-templates\/full-width-page.php","meta":{"footnotes":""},"class_list":["post-2417","page","type-page","status-publish","hentry"],"_links":{"self":[{"href":"https:\/\/www.smidespastorn.se\/index.php?rest_route=\/wp\/v2\/pages\/2417","targetHints":{"allow":["GET"]}}],"collection":[{"href":"https:\/\/www.smidespastorn.se\/index.php?rest_route=\/wp\/v2\/pages"}],"about":[{"href":"https:\/\/www.smidespastorn.se\/index.php?rest_route=\/wp\/v2\/types\/page"}],"author":[{"embeddable":true,"href":"https:\/\/www.smidespastorn.se\/index.php?rest_route=\/wp\/v2\/users\/1"}],"replies":[{"embeddable":true,"href":"https:\/\/www.smidespastorn.se\/index.php?rest_route=%2Fwp%2Fv2%2Fcomments&post=2417"}],"version-history":[{"count":5,"href":"https:\/\/www.smidespastorn.se\/index.php?rest_route=\/wp\/v2\/pages\/2417\/revisions"}],"predecessor-version":[{"id":2561,"href":"https:\/\/www.smidespastorn.se\/index.php?rest_route=\/wp\/v2\/pages\/2417\/revisions\/2561"}],"wp:attachment":[{"href":"https:\/\/www.smidespastorn.se\/index.php?rest_route=%2Fwp%2Fv2%2Fmedia&parent=2417"}],"curies":[{"name":"wp","href":"https:\/\/api.w.org\/{rel}","templated":true}]}}