{"id":2400,"date":"2026-03-06T09:07:16","date_gmt":"2026-03-06T09:07:16","guid":{"rendered":"https:\/\/www.smidespastorn.se\/?page_id=2400"},"modified":"2026-03-06T10:00:22","modified_gmt":"2026-03-06T10:00:22","slug":"samtal","status":"publish","type":"page","link":"https:\/\/www.smidespastorn.se\/?page_id=2400","title":{"rendered":"Samtal"},"content":{"rendered":"<div data-colibri-id=\"2400-c1\" class=\"style-1000 style-local-2400-c1 position-relative\">\n  <!---->\n  <div data-colibri-component=\"section\" data-colibri-id=\"2400-c2\" id=\"content\" class=\"h-section h-section-global-spacing d-flex align-items-lg-center align-items-md-center align-items-center style-1001 style-local-2400-c2 position-relative\">\n    <!---->\n    <!---->\n    <div class=\"h-section-grid-container h-section-fluid-container\">\n      <!---->\n      <div data-colibri-id=\"2400-c3\" class=\"h-row-container gutters-row-lg-0 gutters-row-md-0 gutters-row-2 gutters-row-v-lg-0 gutters-row-v-md-0 gutters-row-v-2 style-1002 style-local-2400-c3 position-relative\">\n        <!---->\n        <div class=\"h-row justify-content-lg-center justify-content-md-center justify-content-center align-items-lg-stretch align-items-md-stretch align-items-stretch gutters-col-lg-0 gutters-col-md-0 gutters-col-2 gutters-col-v-lg-0 gutters-col-v-md-0 gutters-col-v-2\">\n          <!---->\n          <div class=\"h-column h-column-container d-flex h-col-lg-auto h-col-md-auto h-col-auto style-1003-outer style-local-2400-c4-outer\">\n            <div data-colibri-id=\"2400-c4\" class=\"d-flex h-flex-basis h-column__inner h-px-lg-0 h-px-md-0 h-px-0 v-inner-lg-0 v-inner-md-0 v-inner-0 style-1003 style-local-2400-c4 position-relative\">\n              <!---->\n              <!---->\n              <div class=\"w-100 h-y-container h-column__content h-column__v-align flex-basis-100 align-self-lg-start align-self-md-start align-self-start\">\n                <!---->\n                <div data-colibri-id=\"2400-c5\" class=\"h-global-transition-all h-heading style-1004 style-local-2400-c5 position-relative h-element\">\n                  <!---->\n                  <div class=\"h-heading__outer style-1004 style-local-2400-c5\">\n                    <!---->\n                    <!---->\n                    <h4 class=\"\">F\u00f6r \u00f6kat v\u00e4lm\u00e5ende<\/h4>\n                  <\/div>\n                <\/div>\n                <div data-colibri-id=\"2400-c6\" class=\"h-global-transition-all h-heading style-1005 style-local-2400-c6 position-relative h-element\">\n                  <!---->\n                  <div class=\"h-heading__outer style-1005 style-local-2400-c6\">\n                    <!---->\n                    <!---->\n                    <h2 class=\"\">Samtal<\/h2>\n                  <\/div>\n                <\/div>\n                <div data-colibri-id=\"2400-c7\" class=\"h-row-container gutters-row-lg-2 gutters-row-md-2 gutters-row-0 gutters-row-v-lg-2 gutters-row-v-md-2 gutters-row-v-0 style-1007 style-local-2400-c7 position-relative\">\n                  <!---->\n                  <div class=\"h-row justify-content-lg-center justify-content-md-center justify-content-center align-items-lg-stretch align-items-md-stretch align-items-stretch gutters-col-lg-2 gutters-col-md-2 gutters-col-0 gutters-col-v-lg-2 gutters-col-v-md-2 gutters-col-v-0\">\n                    <!---->\n                    <div class=\"h-column h-column-container d-flex h-col-lg-auto h-col-md-auto h-col style-1008-outer style-local-2400-c8-outer\">\n                      <div data-colibri-id=\"2400-c8\" class=\"d-flex h-flex-basis h-column__inner h-px-lg-0 h-px-md-0 h-px-0 v-inner-lg-0 v-inner-md-0 v-inner-0 style-1008 style-local-2400-c8 position-relative\">\n                        <!---->\n                        <!---->\n                        <div class=\"w-100 h-y-container h-column__content h-column__v-align flex-basis-100 align-self-lg-start align-self-md-start align-self-start\">\n                          <!---->\n                          <div data-colibri-id=\"2400-c9\" class=\"h-text h-text-component style-1006 style-local-2400-c9 position-relative h-element\">\n                            <!---->\n                            <!---->\n                            <div class=\"\">\n                              <p>Vi m\u00e5r bra av att s\u00e4tta ord p\u00e5 v\u00e5ra k\u00e4nslor och det som har h\u00e4nt oss.<\/p>\n                              <p>Med l\u00e5ng erfarenhet av att samtala om livets olika delar s\u00e5 som gl\u00e4dje och sorg, trosfr\u00e5gor och meningen med livet, erbjuder jag samtal till enskilda och par. Jag \u00e4r ingen terapeut utan fungerar som en mentor och sj\u00e4lav\u00e5rdare.<\/p>\n                              <p>Valfritt antal samtal som kostar 800 kronor per timme. <\/p>\n                              <p>Vi ses p\u00e5 Nelsonsgatan 1 i Bor\u00e5s eller p\u00e5 l\u00e4nk.<\/p>\n                            <\/div>\n                          <\/div>\n                        <\/div>\n                      <\/div>\n                    <\/div>\n                    <div class=\"h-column h-column-container d-flex h-col-lg-auto h-col-md-auto h-col style-1008-outer style-local-2400-c11-outer\">\n                      <div data-colibri-id=\"2400-c11\" class=\"d-flex h-flex-basis h-column__inner h-px-lg-0 h-px-md-0 h-px-0 v-inner-lg-0 v-inner-md-0 v-inner-0 style-1008 style-local-2400-c11 position-relative\">\n                        <!---->\n                        <!---->\n                        <div class=\"w-100 h-y-container h-column__content h-column__v-align flex-basis-100 align-self-lg-start align-self-md-start align-self-start\">\n                          <!---->\n                          <div data-colibri-id=\"2400-c10\" class=\"h-global-transition-all h-heading style-1009 style-local-2400-c10 position-relative h-element\">\n                            <!---->\n                            <div class=\"h-heading__outer style-1009 style-local-2400-c10\">\n                              <!---->\n                              <!---->\n                              <h5 class=\"\">\u00c4mnesomr\u00e5den<\/h5>\n                            <\/div>\n                          <\/div>\n                          <div data-colibri-id=\"2400-c12\" class=\"icon-list d-flex justify-content-lg-start justify-content-md-start justify-content-start style-1012 style-local-2400-c12 position-relative h-element\">\n                            <!---->\n                            <ul class=\"ul-list-icon vertical-on-desktop vertical-on-tablet vertical-on-mobile justify-content-lg-start justify-content-md-start justify-content-start\">\n                              <!---->\n                              <li class=\"list-item no-gutters\">\n                                <!---->\n                                <div class=\"list-container-divider d-flex justify-content-lg-start justify-content-md-start justify-content-start first-el-spacer\"><\/div>\n                                <a href=\"https:\/\/www.smidespastorn.se\/?page_id=2417\" h-use-smooth-scroll=\"true\" class=\"item-link no-gutters\">\n                                  <div class=\"d-flex h-col no-gutters align-items-lg-center align-items-md-center align-items-center list-item-text-wrapper\">\n                                    <div class=\"d-flex\"><span class=\"h-svg-icon style-1012-icon style-local-2400-c12-icon\"><!--Icon by Font Awesome (https:\/\/fontawesome.com)-->\n    <svg version=\"1.1\" xmlns=\"http:\/\/www.w3.org\/2000\/svg\" xmlns:xlink=\"http:\/\/www.w3.org\/1999\/xlink\" id=\"circle-thin\" viewBox=\"0 0 1536 1896.0833\">\n      <path d=\"M768 256q-130 0-248.5 51t-204 136.5-136.5 204T128 896t51 248.5 136.5 204 204 136.5 248.5 51 248.5-51 204-136.5 136.5-204 51-248.5-51-248.5-136.5-204-204-136.5T768 256zm768 640q0 209-103 385.5T1153.5 1561 768 1664t-385.5-103T103 1281.5 0 896t103-385.5T382.5 231 768 128t385.5 103T1433 510.5 1536 896z\"><\/path>\n    <\/svg><\/span><\/div> <span class=\"list-text d-block\"><span>Relationssamtal &#8211; l\u00e4s mer &gt;&gt;<\/span><\/span>\n                                  <\/div>\n                                <\/a>\n                                <div class=\"list-container-divider d-flex justify-content-lg-start justify-content-md-start justify-content-start\">\n                                  <!---->\n                                <\/div>\n                              <\/li>\n                              <li class=\"list-item no-gutters\">\n                                <!---->\n                                <!----><span class=\"item-link no-gutters\"><div class=\"d-flex h-col no-gutters align-items-lg-center align-items-md-center align-items-center list-item-text-wrapper\"><div class=\"d-flex\"><span  class=\"h-svg-icon style-1012-icon style-local-2400-c12-icon\"><!--Icon by Font Awesome (https:\/\/fontawesome.com)-->\n    <svg version=\"1.1\" xmlns=\"http:\/\/www.w3.org\/2000\/svg\" xmlns:xlink=\"http:\/\/www.w3.org\/1999\/xlink\" id=\"circle-thin\" viewBox=\"0 0 1536 1896.0833\">\n      <path d=\"M768 256q-130 0-248.5 51t-204 136.5-136.5 204T128 896t51 248.5 136.5 204 204 136.5 248.5 51 248.5-51 204-136.5 136.5-204 51-248.5-51-248.5-136.5-204-204-136.5T768 256zm768 640q0 209-103 385.5T1153.5 1561 768 1664t-385.5-103T103 1281.5 0 896t103-385.5T382.5 231 768 128t385.5 103T1433 510.5 1536 896z\"><\/path>\n    <\/svg><\/span><\/div> <span class=\"list-text d-block\"><span>Livssamtal<\/span><\/span>\n                        <\/div>\n                        <\/span>\n                        <div class=\"list-container-divider d-flex justify-content-lg-start justify-content-md-start justify-content-start\">\n                          <!---->\n                        <\/div>\n                        <\/li>\n                        <li class=\"list-item no-gutters\">\n                          <!---->\n                          <!----><span class=\"item-link no-gutters\"><div class=\"d-flex h-col no-gutters align-items-lg-center align-items-md-center align-items-center list-item-text-wrapper\"><div class=\"d-flex\"><span  class=\"h-svg-icon style-1012-icon style-local-2400-c12-icon\"><!--Icon by Font Awesome (https:\/\/fontawesome.com)-->\n    <svg version=\"1.1\" xmlns=\"http:\/\/www.w3.org\/2000\/svg\" xmlns:xlink=\"http:\/\/www.w3.org\/1999\/xlink\" id=\"circle-thin\" viewBox=\"0 0 1536 1896.0833\">\n      <path d=\"M768 256q-130 0-248.5 51t-204 136.5-136.5 204T128 896t51 248.5 136.5 204 204 136.5 248.5 51 248.5-51 204-136.5 136.5-204 51-248.5-51-248.5-136.5-204-204-136.5T768 256zm768 640q0 209-103 385.5T1153.5 1561 768 1664t-385.5-103T103 1281.5 0 896t103-385.5T382.5 231 768 128t385.5 103T1433 510.5 1536 896z\"><\/path>\n    <\/svg><\/span><\/div> <span class=\"list-text d-block\"><span>Trossamtal<\/span><\/span>\n                    <\/div>\n                    <\/span>\n                    <div class=\"list-container-divider d-flex justify-content-lg-start justify-content-md-start justify-content-start\">\n                      <!---->\n                    <\/div>\n                    <\/li>\n                    <li class=\"list-item no-gutters\">\n                      <!---->\n                      <!----><span class=\"item-link no-gutters\"><div class=\"d-flex h-col no-gutters align-items-lg-center align-items-md-center align-items-center list-item-text-wrapper\"><div class=\"d-flex\"><span  class=\"h-svg-icon style-1012-icon style-local-2400-c12-icon\"><!--Icon by Font Awesome (https:\/\/fontawesome.com)-->\n    <svg version=\"1.1\" xmlns=\"http:\/\/www.w3.org\/2000\/svg\" xmlns:xlink=\"http:\/\/www.w3.org\/1999\/xlink\" id=\"circle-thin\" viewBox=\"0 0 1536 1896.0833\">\n      <path d=\"M768 256q-130 0-248.5 51t-204 136.5-136.5 204T128 896t51 248.5 136.5 204 204 136.5 248.5 51 248.5-51 204-136.5 136.5-204 51-248.5-51-248.5-136.5-204-204-136.5T768 256zm768 640q0 209-103 385.5T1153.5 1561 768 1664t-385.5-103T103 1281.5 0 896t103-385.5T382.5 231 768 128t385.5 103T1433 510.5 1536 896z\"><\/path>\n    <\/svg><\/span><\/div> <span class=\"list-text d-block\"><span>Sj\u00e4lav\u00e5rdsamtal<\/span><\/span>\n                <\/div>\n                <\/span>\n                <div class=\"list-container-divider d-flex justify-content-lg-start justify-content-md-start justify-content-start\">\n                  <!---->\n                <\/div>\n                <\/li>\n                <li class=\"list-item no-gutters\">\n                  <!---->\n                  <!----><span class=\"item-link no-gutters\"><div class=\"d-flex h-col no-gutters align-items-lg-center align-items-md-center align-items-center list-item-text-wrapper\"><div class=\"d-flex\"><span  class=\"h-svg-icon style-1012-icon style-local-2400-c12-icon\"><!--Icon by Font Awesome (https:\/\/fontawesome.com)-->\n    <svg version=\"1.1\" xmlns=\"http:\/\/www.w3.org\/2000\/svg\" xmlns:xlink=\"http:\/\/www.w3.org\/1999\/xlink\" id=\"circle-thin\" viewBox=\"0 0 1536 1896.0833\">\n      <path d=\"M768 256q-130 0-248.5 51t-204 136.5-136.5 204T128 896t51 248.5 136.5 204 204 136.5 248.5 51 248.5-51 204-136.5 136.5-204 51-248.5-51-248.5-136.5-204-204-136.5T768 256zm768 640q0 209-103 385.5T1153.5 1561 768 1664t-385.5-103T103 1281.5 0 896t103-385.5T382.5 231 768 128t385.5 103T1433 510.5 1536 896z\"><\/path>\n    <\/svg><\/span><\/div> <span class=\"list-text d-block\"><span>Bonusf\u00f6r\u00e4ldermentor<\/span><\/span>\n            <\/div>\n            <\/span>\n            <div class=\"list-container-divider d-flex justify-content-lg-start justify-content-md-start justify-content-start\">\n              <!---->\n            <\/div>\n            <\/li>\n            <li class=\"list-item no-gutters\">\n              <!---->\n              <!---->\n              <a href=\"https:\/\/www.smidespastorn.se\/?page_id=1201\" h-use-smooth-scroll=\"true\" class=\"item-link no-gutters\">\n                <div class=\"d-flex h-col no-gutters align-items-lg-center align-items-md-center align-items-center list-item-text-wrapper\">\n                  <div class=\"d-flex\"><span class=\"h-svg-icon style-1012-icon style-local-2400-c12-icon\"><!--Icon by Font Awesome (https:\/\/fontawesome.com)-->\n    <svg version=\"1.1\" xmlns=\"http:\/\/www.w3.org\/2000\/svg\" xmlns:xlink=\"http:\/\/www.w3.org\/1999\/xlink\" id=\"circle-thin\" viewBox=\"0 0 1536 1896.0833\">\n      <path d=\"M768 256q-130 0-248.5 51t-204 136.5-136.5 204T128 896t51 248.5 136.5 204 204 136.5 248.5 51 248.5-51 204-136.5 136.5-204 51-248.5-51-248.5-136.5-204-204-136.5T768 256zm768 640q0 209-103 385.5T1153.5 1561 768 1664t-385.5-103T103 1281.5 0 896t103-385.5T382.5 231 768 128t385.5 103T1433 510.5 1536 896z\"><\/path>\n    <\/svg><\/span><\/div> <span class=\"list-text d-block\"><span>Singelmentor &#8211; l\u00e4s mer &gt;&gt;<\/span><\/span>\n                <\/div>\n              <\/a>\n              <div class=\"list-container-divider d-flex justify-content-lg-start justify-content-md-start justify-content-start\" style=\"display: none;\">\n                <!---->\n              <\/div>\n              <div class=\"list-container-divider d-flex justify-content-lg-start justify-content-md-start justify-content-start last-el-spacer\"><\/div>\n            <\/li>\n            <\/ul>\n          <\/div>\n        <\/div>\n      <\/div>\n    <\/div>\n  <\/div>\n<\/div>\n<\/div>\n<\/div>\n<\/div>\n<div class=\"h-column h-column-container d-flex h-col-lg-auto h-col-md-auto h-col-auto style-1011-outer style-local-2400-c14-outer\">\n  <div data-colibri-id=\"2400-c14\" class=\"d-flex h-flex-basis h-column__inner h-ui-empty-state-container h-px-lg-0 h-px-md-0 h-px-0 v-inner-lg-0 v-inner-md-0 v-inner-0 style-1011 style-local-2400-c14 position-relative\">\n    <!---->\n    <!---->\n    <div class=\"w-100 h-y-container h-column__content h-column__v-align flex-basis-100\">\n      <!---->\n    <\/div>\n  <\/div>\n<\/div>\n<\/div>\n<\/div>\n<\/div>\n<\/div>\n<\/div>","protected":false},"excerpt":{"rendered":"<p>F\u00f6r \u00f6kat v\u00e4lm\u00e5ende Samtal Vi m\u00e5r bra av att s\u00e4tta ord p\u00e5 v\u00e5ra k\u00e4nslor och det som har h\u00e4nt oss. Med l\u00e5ng erfarenhet av att samtala om livets olika delar s\u00e5 som gl\u00e4dje och sorg, trosfr\u00e5gor och meningen med livet, erbjuder jag samtal till enskilda och par. Jag \u00e4r ingen terapeut utan fungerar som en [&hellip;]<\/p>\n","protected":false},"author":1,"featured_media":0,"parent":0,"menu_order":0,"comment_status":"closed","ping_status":"closed","template":"page-templates\/full-width-page.php","meta":{"footnotes":""},"class_list":["post-2400","page","type-page","status-publish","hentry"],"_links":{"self":[{"href":"https:\/\/www.smidespastorn.se\/index.php?rest_route=\/wp\/v2\/pages\/2400","targetHints":{"allow":["GET"]}}],"collection":[{"href":"https:\/\/www.smidespastorn.se\/index.php?rest_route=\/wp\/v2\/pages"}],"about":[{"href":"https:\/\/www.smidespastorn.se\/index.php?rest_route=\/wp\/v2\/types\/page"}],"author":[{"embeddable":true,"href":"https:\/\/www.smidespastorn.se\/index.php?rest_route=\/wp\/v2\/users\/1"}],"replies":[{"embeddable":true,"href":"https:\/\/www.smidespastorn.se\/index.php?rest_route=%2Fwp%2Fv2%2Fcomments&post=2400"}],"version-history":[{"count":7,"href":"https:\/\/www.smidespastorn.se\/index.php?rest_route=\/wp\/v2\/pages\/2400\/revisions"}],"predecessor-version":[{"id":2533,"href":"https:\/\/www.smidespastorn.se\/index.php?rest_route=\/wp\/v2\/pages\/2400\/revisions\/2533"}],"wp:attachment":[{"href":"https:\/\/www.smidespastorn.se\/index.php?rest_route=%2Fwp%2Fv2%2Fmedia&parent=2400"}],"curies":[{"name":"wp","href":"https:\/\/api.w.org\/{rel}","templated":true}]}}