{"id":2375,"date":"2026-03-06T08:38:49","date_gmt":"2026-03-06T08:38:49","guid":{"rendered":"https:\/\/www.smidespastorn.se\/?page_id=2375"},"modified":"2026-03-06T10:05:11","modified_gmt":"2026-03-06T10:05:11","slug":"forelasningar","status":"publish","type":"page","link":"https:\/\/www.smidespastorn.se\/?page_id=2375","title":{"rendered":"F\u00f6rel\u00e4sningar"},"content":{"rendered":"<div data-colibri-id=\"2375-c1\" class=\"style-984 style-local-2375-c1 position-relative\">\n  <!---->\n  <div data-colibri-component=\"section\" data-colibri-id=\"2375-c2\" id=\"content\" class=\"h-section h-section-global-spacing d-flex align-items-lg-center align-items-md-center align-items-center style-985 style-local-2375-c2 position-relative\">\n    <!---->\n    <!---->\n    <div class=\"h-section-grid-container h-section-fluid-container\">\n      <!---->\n      <div data-colibri-id=\"2375-c3\" class=\"h-row-container gutters-row-lg-0 gutters-row-md-0 gutters-row-2 gutters-row-v-lg-0 gutters-row-v-md-0 gutters-row-v-2 style-986 style-local-2375-c3 position-relative\">\n        <!---->\n        <div class=\"h-row justify-content-lg-center justify-content-md-center justify-content-center align-items-lg-stretch align-items-md-stretch align-items-stretch gutters-col-lg-0 gutters-col-md-0 gutters-col-2 gutters-col-v-lg-0 gutters-col-v-md-0 gutters-col-v-2\">\n          <!---->\n          <div class=\"h-column h-column-container d-flex h-col-lg-auto h-col-md-auto h-col-auto style-987-outer style-local-2375-c4-outer\">\n            <div data-colibri-id=\"2375-c4\" class=\"d-flex h-flex-basis h-column__inner h-px-lg-0 h-px-md-0 h-px-0 v-inner-lg-0 v-inner-md-0 v-inner-0 style-987 style-local-2375-c4 position-relative\">\n              <!---->\n              <!---->\n              <div class=\"w-100 h-y-container h-column__content h-column__v-align flex-basis-100 align-self-lg-start align-self-md-start align-self-start\">\n                <!---->\n                <div data-colibri-id=\"2375-c5\" class=\"h-global-transition-all h-heading style-988 style-local-2375-c5 position-relative h-element\">\n                  <!---->\n                  <div class=\"h-heading__outer style-988 style-local-2375-c5\">\n                    <!---->\n                    <!---->\n                    <h4 class=\"\">M\u00e4nniskans v\u00e4lm\u00e5ende<\/h4>\n                  <\/div>\n                <\/div>\n                <div data-colibri-id=\"2375-c6\" class=\"h-global-transition-all h-heading style-989 style-local-2375-c6 position-relative h-element\">\n                  <!---->\n                  <div class=\"h-heading__outer style-989 style-local-2375-c6\">\n                    <!---->\n                    <!---->\n                    <h2 class=\"\">F\u00f6rel\u00e4sningar<\/h2>\n                  <\/div>\n                <\/div>\n                <div data-colibri-id=\"2375-c7\" class=\"h-text h-text-component style-990 style-local-2375-c7 position-relative h-element\">\n                  <!---->\n                  <!---->\n                  <div class=\"\">\n                    <p>Jag f\u00f6rel\u00e4ser om livets olika omr\u00e5den, med en gemensam tr\u00e5d: M\u00e4nniskans v\u00e4lm\u00e5ende. Det \u00e4r fr\u00e5n Existentiell h\u00e4lsa enligt WHO, ensamhet, f\u00f6rl\u00e5telse, l\u00e4ngtan, tacksamhet, skam mm.<\/p>\n                    <p>Som pastor har jag \u00e4ven f\u00f6redrag kring det kristna livet och f\u00f6rsamlingen.<\/p>\n                    <p>H\u00f6r av dig med era behov och \u00f6nskningar s\u00e5 tar vi fram ett f\u00f6rslag tillsammans.<\/p>\n                    <p>Kostnad 3500 kronor plus resa.<\/p>\n                  <\/div>\n                <\/div>\n                <div data-colibri-id=\"2375-c8\" class=\"h-row-container gutters-row-lg-2 gutters-row-md-2 gutters-row-0 gutters-row-v-lg-2 gutters-row-v-md-2 gutters-row-v-0 style-991 style-local-2375-c8 position-relative\">\n                  <!---->\n                  <div class=\"h-row justify-content-lg-center justify-content-md-center justify-content-center align-items-lg-stretch align-items-md-stretch align-items-stretch gutters-col-lg-2 gutters-col-md-2 gutters-col-0 gutters-col-v-lg-2 gutters-col-v-md-2 gutters-col-v-0\">\n                    <!---->\n                    <div class=\"h-column h-column-container d-flex h-col-lg-6 h-col-md-6 h-col-6 style-992-outer style-local-2375-c9-outer\">\n                      <div data-colibri-id=\"2375-c9\" class=\"d-flex h-flex-basis h-column__inner h-px-lg-0 h-px-md-0 h-px-0 v-inner-lg-0 v-inner-md-0 v-inner-0 style-992 style-local-2375-c9 position-relative\">\n                        <!---->\n                        <!---->\n                        <div class=\"w-100 h-y-container h-column__content h-column__v-align flex-basis-100 align-self-lg-start align-self-md-start align-self-start\">\n                          <!---->\n                          <div data-colibri-id=\"2375-c10\" class=\"h-global-transition-all h-heading style-993 style-local-2375-c10 position-relative h-element\">\n                            <!---->\n                            <div class=\"h-heading__outer style-993 style-local-2375-c10\">\n                              <!---->\n                              <!---->\n                              <h5 class=\"\">Existentiell h\u00e4lsa<\/h5>\n                            <\/div>\n                          <\/div>\n                          <div data-colibri-id=\"2375-c11\" class=\"icon-list d-flex justify-content-lg-start justify-content-md-start justify-content-start style-996 style-local-2375-c11 position-relative h-element\">\n                            <!---->\n                            <ul class=\"ul-list-icon vertical-on-desktop vertical-on-tablet vertical-on-mobile justify-content-lg-start justify-content-md-start justify-content-start\">\n                              <!---->\n                              <li class=\"list-item no-gutters\">\n                                <!---->\n                                <div class=\"list-container-divider d-flex justify-content-lg-start justify-content-md-start justify-content-start first-el-spacer\"><\/div> <span class=\"item-link no-gutters\"><div class=\"d-flex h-col no-gutters align-items-lg-center align-items-md-center align-items-center list-item-text-wrapper\"><div class=\"d-flex\"><span  class=\"h-svg-icon style-996-icon style-local-2375-c11-icon\"><!--Icon by Font Awesome (https:\/\/fontawesome.com)-->\n    <svg version=\"1.1\" xmlns=\"http:\/\/www.w3.org\/2000\/svg\" xmlns:xlink=\"http:\/\/www.w3.org\/1999\/xlink\" id=\"circle-thin\" viewBox=\"0 0 1536 1896.0833\">\n      <path d=\"M768 256q-130 0-248.5 51t-204 136.5-136.5 204T128 896t51 248.5 136.5 204 204 136.5 248.5 51 248.5-51 204-136.5 136.5-204 51-248.5-51-248.5-136.5-204-204-136.5T768 256zm768 640q0 209-103 385.5T1153.5 1561 768 1664t-385.5-103T103 1281.5 0 896t103-385.5T382.5 231 768 128t385.5 103T1433 510.5 1536 896z\"><\/path>\n    <\/svg><\/span><\/div> <span class=\"list-text d-block\"><span>Ensamhet<\/span><\/span>\n                        <\/div>\n                        <\/span>\n                        <div class=\"list-container-divider d-flex justify-content-lg-start justify-content-md-start justify-content-start\">\n                          <!---->\n                        <\/div>\n                        <\/li>\n                        <li class=\"list-item no-gutters\">\n                          <!---->\n                          <!----><span class=\"item-link no-gutters\"><div class=\"d-flex h-col no-gutters align-items-lg-center align-items-md-center align-items-center list-item-text-wrapper\"><div class=\"d-flex\"><span  class=\"h-svg-icon style-996-icon style-local-2375-c11-icon\"><!--Icon by Font Awesome (https:\/\/fontawesome.com)-->\n    <svg version=\"1.1\" xmlns=\"http:\/\/www.w3.org\/2000\/svg\" xmlns:xlink=\"http:\/\/www.w3.org\/1999\/xlink\" id=\"circle-thin\" viewBox=\"0 0 1536 1896.0833\">\n      <path d=\"M768 256q-130 0-248.5 51t-204 136.5-136.5 204T128 896t51 248.5 136.5 204 204 136.5 248.5 51 248.5-51 204-136.5 136.5-204 51-248.5-51-248.5-136.5-204-204-136.5T768 256zm768 640q0 209-103 385.5T1153.5 1561 768 1664t-385.5-103T103 1281.5 0 896t103-385.5T382.5 231 768 128t385.5 103T1433 510.5 1536 896z\"><\/path>\n    <\/svg><\/span><\/div> <span class=\"list-text d-block\"><span>R\u00e4dsla<\/span><\/span>\n                    <\/div>\n                    <\/span>\n                    <div class=\"list-container-divider d-flex justify-content-lg-start justify-content-md-start justify-content-start\">\n                      <!---->\n                    <\/div>\n                    <\/li>\n                    <li class=\"list-item no-gutters\">\n                      <!---->\n                      <!----><span class=\"item-link no-gutters\"><div class=\"d-flex h-col no-gutters align-items-lg-center align-items-md-center align-items-center list-item-text-wrapper\"><div class=\"d-flex\"><span  class=\"h-svg-icon style-996-icon style-local-2375-c11-icon\"><!--Icon by Font Awesome (https:\/\/fontawesome.com)-->\n    <svg version=\"1.1\" xmlns=\"http:\/\/www.w3.org\/2000\/svg\" xmlns:xlink=\"http:\/\/www.w3.org\/1999\/xlink\" id=\"circle-thin\" viewBox=\"0 0 1536 1896.0833\">\n      <path d=\"M768 256q-130 0-248.5 51t-204 136.5-136.5 204T128 896t51 248.5 136.5 204 204 136.5 248.5 51 248.5-51 204-136.5 136.5-204 51-248.5-51-248.5-136.5-204-204-136.5T768 256zm768 640q0 209-103 385.5T1153.5 1561 768 1664t-385.5-103T103 1281.5 0 896t103-385.5T382.5 231 768 128t385.5 103T1433 510.5 1536 896z\"><\/path>\n    <\/svg><\/span><\/div> <span class=\"list-text d-block\"><span>F\u00f6rl\u00e5telse<\/span><\/span>\n                <\/div>\n                <\/span>\n                <div class=\"list-container-divider d-flex justify-content-lg-start justify-content-md-start justify-content-start\">\n                  <!---->\n                <\/div>\n                <\/li>\n                <li class=\"list-item no-gutters\">\n                  <!---->\n                  <!----><span class=\"item-link no-gutters\"><div class=\"d-flex h-col no-gutters align-items-lg-center align-items-md-center align-items-center list-item-text-wrapper\"><div class=\"d-flex\"><span  class=\"h-svg-icon style-996-icon style-local-2375-c11-icon\"><!--Icon by Font Awesome (https:\/\/fontawesome.com)-->\n    <svg version=\"1.1\" xmlns=\"http:\/\/www.w3.org\/2000\/svg\" xmlns:xlink=\"http:\/\/www.w3.org\/1999\/xlink\" id=\"circle-thin\" viewBox=\"0 0 1536 1896.0833\">\n      <path d=\"M768 256q-130 0-248.5 51t-204 136.5-136.5 204T128 896t51 248.5 136.5 204 204 136.5 248.5 51 248.5-51 204-136.5 136.5-204 51-248.5-51-248.5-136.5-204-204-136.5T768 256zm768 640q0 209-103 385.5T1153.5 1561 768 1664t-385.5-103T103 1281.5 0 896t103-385.5T382.5 231 768 128t385.5 103T1433 510.5 1536 896z\"><\/path>\n    <\/svg><\/span><\/div> <span class=\"list-text d-block\"><span>F\u00f6rsoning<\/span><\/span>\n            <\/div>\n            <\/span>\n            <div class=\"list-container-divider d-flex justify-content-lg-start justify-content-md-start justify-content-start\">\n              <!---->\n            <\/div>\n            <\/li>\n            <li class=\"list-item no-gutters\">\n              <!---->\n              <!----><span class=\"item-link no-gutters\"><div class=\"d-flex h-col no-gutters align-items-lg-center align-items-md-center align-items-center list-item-text-wrapper\"><div class=\"d-flex\"><span  class=\"h-svg-icon style-996-icon style-local-2375-c11-icon\"><!--Icon by Font Awesome (https:\/\/fontawesome.com)-->\n    <svg version=\"1.1\" xmlns=\"http:\/\/www.w3.org\/2000\/svg\" xmlns:xlink=\"http:\/\/www.w3.org\/1999\/xlink\" id=\"circle-thin\" viewBox=\"0 0 1536 1896.0833\">\n      <path d=\"M768 256q-130 0-248.5 51t-204 136.5-136.5 204T128 896t51 248.5 136.5 204 204 136.5 248.5 51 248.5-51 204-136.5 136.5-204 51-248.5-51-248.5-136.5-204-204-136.5T768 256zm768 640q0 209-103 385.5T1153.5 1561 768 1664t-385.5-103T103 1281.5 0 896t103-385.5T382.5 231 768 128t385.5 103T1433 510.5 1536 896z\"><\/path>\n    <\/svg><\/span><\/div> <span class=\"list-text d-block\"><span>L\u00e4ngtan<\/span><\/span>\n        <\/div>\n        <\/span>\n        <div class=\"list-container-divider d-flex justify-content-lg-start justify-content-md-start justify-content-start\">\n          <!---->\n        <\/div>\n        <\/li>\n        <li class=\"list-item no-gutters\">\n          <!---->\n          <!----><span class=\"item-link no-gutters\"><div class=\"d-flex h-col no-gutters align-items-lg-center align-items-md-center align-items-center list-item-text-wrapper\"><div class=\"d-flex\"><span  class=\"h-svg-icon style-996-icon style-local-2375-c11-icon\"><!--Icon by Font Awesome (https:\/\/fontawesome.com)-->\n    <svg version=\"1.1\" xmlns=\"http:\/\/www.w3.org\/2000\/svg\" xmlns:xlink=\"http:\/\/www.w3.org\/1999\/xlink\" id=\"circle-thin\" viewBox=\"0 0 1536 1896.0833\">\n      <path d=\"M768 256q-130 0-248.5 51t-204 136.5-136.5 204T128 896t51 248.5 136.5 204 204 136.5 248.5 51 248.5-51 204-136.5 136.5-204 51-248.5-51-248.5-136.5-204-204-136.5T768 256zm768 640q0 209-103 385.5T1153.5 1561 768 1664t-385.5-103T103 1281.5 0 896t103-385.5T382.5 231 768 128t385.5 103T1433 510.5 1536 896z\"><\/path>\n    <\/svg><\/span><\/div> <span class=\"list-text d-block\"><span>Skam<\/span><\/span>\n    <\/div>\n    <\/span>\n    <div class=\"list-container-divider d-flex justify-content-lg-start justify-content-md-start justify-content-start\">\n      <!---->\n    <\/div>\n    <\/li>\n    <li class=\"list-item no-gutters\">\n      <!---->\n      <!----><span class=\"item-link no-gutters\"><div class=\"d-flex h-col no-gutters align-items-lg-center align-items-md-center align-items-center list-item-text-wrapper\"><div class=\"d-flex\"><span  class=\"h-svg-icon style-996-icon style-local-2375-c11-icon\"><!--Icon by Font Awesome (https:\/\/fontawesome.com)-->\n    <svg version=\"1.1\" xmlns=\"http:\/\/www.w3.org\/2000\/svg\" xmlns:xlink=\"http:\/\/www.w3.org\/1999\/xlink\" id=\"circle-thin\" viewBox=\"0 0 1536 1896.0833\">\n      <path d=\"M768 256q-130 0-248.5 51t-204 136.5-136.5 204T128 896t51 248.5 136.5 204 204 136.5 248.5 51 248.5-51 204-136.5 136.5-204 51-248.5-51-248.5-136.5-204-204-136.5T768 256zm768 640q0 209-103 385.5T1153.5 1561 768 1664t-385.5-103T103 1281.5 0 896t103-385.5T382.5 231 768 128t385.5 103T1433 510.5 1536 896z\"><\/path>\n    <\/svg><\/span><\/div> <span class=\"list-text d-block\"><span>M\u00e5let, att hitta en riktning i livet<\/span><\/span>\n<\/div>\n<\/span>\n<div class=\"list-container-divider d-flex justify-content-lg-start justify-content-md-start justify-content-start\" style=\"display: none;\">\n  <!---->\n<\/div>\n<div class=\"list-container-divider d-flex justify-content-lg-start justify-content-md-start justify-content-start last-el-spacer\"><\/div>\n<\/li>\n<\/ul>\n<\/div>\n<\/div>\n<\/div>\n<\/div>\n<div class=\"h-column h-column-container d-flex h-col-lg-6 h-col-md-6 h-col-6 style-992-outer style-local-2375-c12-outer\">\n  <div data-colibri-id=\"2375-c12\" class=\"d-flex h-flex-basis h-column__inner h-px-lg-0 h-px-md-0 h-px-0 v-inner-lg-0 v-inner-md-0 v-inner-0 style-992 style-local-2375-c12 position-relative\">\n    <!---->\n    <!---->\n    <div class=\"w-100 h-y-container h-column__content h-column__v-align flex-basis-100 align-self-lg-start align-self-md-start align-self-start\">\n      <!---->\n      <div data-colibri-id=\"2375-c13\" class=\"h-global-transition-all h-heading style-993 style-local-2375-c13 position-relative h-element\">\n        <!---->\n        <div class=\"h-heading__outer style-993 style-local-2375-c13\">\n          <!---->\n          <!---->\n          <h5 class=\"\">Relationer<\/h5>\n        <\/div>\n      <\/div>\n      <div data-colibri-id=\"2375-c14\" class=\"icon-list d-flex justify-content-lg-start justify-content-md-start justify-content-start style-996 style-local-2375-c14 position-relative h-element\">\n        <!---->\n        <ul class=\"ul-list-icon vertical-on-desktop vertical-on-tablet vertical-on-mobile justify-content-lg-start justify-content-md-start justify-content-start\">\n          <!---->\n          <li class=\"list-item no-gutters\">\n            <!---->\n            <div class=\"list-container-divider d-flex justify-content-lg-start justify-content-md-start justify-content-start first-el-spacer\"><\/div> <span class=\"item-link no-gutters\"><div class=\"d-flex h-col no-gutters align-items-lg-center align-items-md-center align-items-center list-item-text-wrapper\"><div class=\"d-flex\"><span  class=\"h-svg-icon style-996-icon style-local-2375-c14-icon\"><!--Icon by Font Awesome (https:\/\/fontawesome.com)-->\n    <svg version=\"1.1\" xmlns=\"http:\/\/www.w3.org\/2000\/svg\" xmlns:xlink=\"http:\/\/www.w3.org\/1999\/xlink\" id=\"circle-thin\" viewBox=\"0 0 1536 1896.0833\">\n      <path d=\"M768 256q-130 0-248.5 51t-204 136.5-136.5 204T128 896t51 248.5 136.5 204 204 136.5 248.5 51 248.5-51 204-136.5 136.5-204 51-248.5-51-248.5-136.5-204-204-136.5T768 256zm768 640q0 209-103 385.5T1153.5 1561 768 1664t-385.5-103T103 1281.5 0 896t103-385.5T382.5 231 768 128t385.5 103T1433 510.5 1536 896z\"><\/path>\n    <\/svg><\/span><\/div> <span class=\"list-text d-block\"><span>V\u00e4nrelationer \u00e4r livsviktigt<\/span><\/span>\n    <\/div>\n    <\/span>\n    <div class=\"list-container-divider d-flex justify-content-lg-start justify-content-md-start justify-content-start\">\n      <!---->\n    <\/div>\n    <\/li>\n    <li class=\"list-item no-gutters\">\n      <!---->\n      <!----><span class=\"item-link no-gutters\"><div class=\"d-flex h-col no-gutters align-items-lg-center align-items-md-center align-items-center list-item-text-wrapper\"><div class=\"d-flex\"><span  class=\"h-svg-icon style-996-icon style-local-2375-c14-icon\"><!--Icon by Font Awesome (https:\/\/fontawesome.com)-->\n    <svg version=\"1.1\" xmlns=\"http:\/\/www.w3.org\/2000\/svg\" xmlns:xlink=\"http:\/\/www.w3.org\/1999\/xlink\" id=\"circle-thin\" viewBox=\"0 0 1536 1896.0833\">\n      <path d=\"M768 256q-130 0-248.5 51t-204 136.5-136.5 204T128 896t51 248.5 136.5 204 204 136.5 248.5 51 248.5-51 204-136.5 136.5-204 51-248.5-51-248.5-136.5-204-204-136.5T768 256zm768 640q0 209-103 385.5T1153.5 1561 768 1664t-385.5-103T103 1281.5 0 896t103-385.5T382.5 231 768 128t385.5 103T1433 510.5 1536 896z\"><\/path>\n    <\/svg><\/span><\/div> <span class=\"list-text d-block\"><span>Att vara bonusf\u00f6r\u00e4lder och bonusfamilj<\/span><\/span>\n<\/div>\n<\/span>\n<div class=\"list-container-divider d-flex justify-content-lg-start justify-content-md-start justify-content-start\">\n  <!---->\n<\/div>\n<\/li>\n<li class=\"list-item no-gutters\">\n  <!---->\n  <!----><span class=\"item-link no-gutters\"><div class=\"d-flex h-col no-gutters align-items-lg-center align-items-md-center align-items-center list-item-text-wrapper\"><div class=\"d-flex\"><span  class=\"h-svg-icon style-996-icon style-local-2375-c14-icon\"><!--Icon by Font Awesome (https:\/\/fontawesome.com)-->\n    <svg version=\"1.1\" xmlns=\"http:\/\/www.w3.org\/2000\/svg\" xmlns:xlink=\"http:\/\/www.w3.org\/1999\/xlink\" id=\"circle-thin\" viewBox=\"0 0 1536 1896.0833\">\n      <path d=\"M768 256q-130 0-248.5 51t-204 136.5-136.5 204T128 896t51 248.5 136.5 204 204 136.5 248.5 51 248.5-51 204-136.5 136.5-204 51-248.5-51-248.5-136.5-204-204-136.5T768 256zm768 640q0 209-103 385.5T1153.5 1561 768 1664t-385.5-103T103 1281.5 0 896t103-385.5T382.5 231 768 128t385.5 103T1433 510.5 1536 896z\"><\/path>\n    <\/svg><\/span><\/div> <span class=\"list-text d-block\"><span>Att v\u00e5rda k\u00e4rleken, hj\u00e4lp till sj\u00e4lvhj\u00e4lp<\/span><\/span>\n  <\/div>\n  <\/span>\n  <div class=\"list-container-divider d-flex justify-content-lg-start justify-content-md-start justify-content-start\" style=\"display: none;\">\n    <!---->\n  <\/div>\n  <div class=\"list-container-divider d-flex justify-content-lg-start justify-content-md-start justify-content-start last-el-spacer\"><\/div>\n<\/li>\n<\/ul>\n<\/div>\n<div data-colibri-id=\"2375-c15\" class=\"h-global-transition-all h-heading style-993 style-local-2375-c15 position-relative h-element\">\n  <!---->\n  <div class=\"h-heading__outer style-993 style-local-2375-c15\">\n    <!---->\n    <!---->\n    <h5 class=\"\">Singlar<\/h5>\n  <\/div>\n<\/div>\n<div data-colibri-id=\"2375-c16\" class=\"icon-list d-flex justify-content-lg-start justify-content-md-start justify-content-start style-996 style-local-2375-c16 position-relative h-element\">\n  <!---->\n  <ul class=\"ul-list-icon vertical-on-desktop vertical-on-tablet vertical-on-mobile justify-content-lg-start justify-content-md-start justify-content-start\">\n    <!---->\n    <li class=\"list-item no-gutters\">\n      <!---->\n      <div class=\"list-container-divider d-flex justify-content-lg-start justify-content-md-start justify-content-start first-el-spacer\"><\/div> <span class=\"item-link no-gutters\"><div class=\"d-flex h-col no-gutters align-items-lg-center align-items-md-center align-items-center list-item-text-wrapper\"><div class=\"d-flex\"><span  class=\"h-svg-icon style-996-icon style-local-2375-c16-icon\"><!--Icon by Font Awesome (https:\/\/fontawesome.com)-->\n    <svg version=\"1.1\" xmlns=\"http:\/\/www.w3.org\/2000\/svg\" xmlns:xlink=\"http:\/\/www.w3.org\/1999\/xlink\" id=\"circle-thin\" viewBox=\"0 0 1536 1896.0833\">\n      <path d=\"M768 256q-130 0-248.5 51t-204 136.5-136.5 204T128 896t51 248.5 136.5 204 204 136.5 248.5 51 248.5-51 204-136.5 136.5-204 51-248.5-51-248.5-136.5-204-204-136.5T768 256zm768 640q0 209-103 385.5T1153.5 1561 768 1664t-385.5-103T103 1281.5 0 896t103-385.5T382.5 231 768 128t385.5 103T1433 510.5 1536 896z\"><\/path>\n    <\/svg><\/span><\/div> <span class=\"list-text d-block\"><span>Singelliv, att trivas som singel<\/span><\/span>\n<\/div>\n<\/span>\n<div class=\"list-container-divider d-flex justify-content-lg-start justify-content-md-start justify-content-start\">\n  <!---->\n<\/div>\n<\/li>\n<li class=\"list-item no-gutters\">\n  <!---->\n  <!----><span class=\"item-link no-gutters\"><div class=\"d-flex h-col no-gutters align-items-lg-center align-items-md-center align-items-center list-item-text-wrapper\"><div class=\"d-flex\"><span  class=\"h-svg-icon style-996-icon style-local-2375-c16-icon\"><!--Icon by Font Awesome (https:\/\/fontawesome.com)-->\n    <svg version=\"1.1\" xmlns=\"http:\/\/www.w3.org\/2000\/svg\" xmlns:xlink=\"http:\/\/www.w3.org\/1999\/xlink\" id=\"circle-thin\" viewBox=\"0 0 1536 1896.0833\">\n      <path d=\"M768 256q-130 0-248.5 51t-204 136.5-136.5 204T128 896t51 248.5 136.5 204 204 136.5 248.5 51 248.5-51 204-136.5 136.5-204 51-248.5-51-248.5-136.5-204-204-136.5T768 256zm768 640q0 209-103 385.5T1153.5 1561 768 1664t-385.5-103T103 1281.5 0 896t103-385.5T382.5 231 768 128t385.5 103T1433 510.5 1536 896z\"><\/path>\n    <\/svg><\/span><\/div> <span class=\"list-text d-block\"><span>Grunder f\u00f6r att \u00f6ka chansen att m\u00f6ta en partner<\/span><\/span>\n  <\/div>\n  <\/span>\n  <div class=\"list-container-divider d-flex justify-content-lg-start justify-content-md-start justify-content-start\" style=\"display: none;\">\n    <!---->\n  <\/div>\n  <div class=\"list-container-divider d-flex justify-content-lg-start justify-content-md-start justify-content-start last-el-spacer\"><\/div>\n<\/li>\n<\/ul>\n<\/div>\n<\/div>\n<\/div>\n<\/div>\n<div class=\"h-column h-column-container d-flex h-col-lg-6 h-col-md-6 h-col-6 style-992-outer style-local-2375-c17-outer\">\n  <div data-colibri-id=\"2375-c17\" class=\"d-flex h-flex-basis h-column__inner h-ui-empty-state-container h-px-lg-0 h-px-md-0 h-px-0 v-inner-lg-0 v-inner-md-0 v-inner-0 style-992 style-local-2375-c17 position-relative\">\n    <!---->\n    <!---->\n    <div class=\"w-100 h-y-container h-column__content h-column__v-align flex-basis-100\">\n      <!---->\n    <\/div>\n  <\/div>\n<\/div>\n<\/div>\n<\/div>\n<\/div>\n<\/div>\n<\/div>\n<div class=\"h-column h-column-container d-flex h-col-lg-auto h-col-md-auto h-col-auto style-995-outer style-local-2375-c18-outer\">\n  <div data-colibri-id=\"2375-c18\" class=\"d-flex h-flex-basis h-column__inner h-ui-empty-state-container h-px-lg-0 h-px-md-0 h-px-0 v-inner-lg-0 v-inner-md-0 v-inner-0 style-995 style-local-2375-c18 position-relative\">\n    <!---->\n    <!---->\n    <div class=\"w-100 h-y-container h-column__content h-column__v-align flex-basis-100\">\n      <!---->\n    <\/div>\n  <\/div>\n<\/div>\n<\/div>\n<\/div>\n<\/div>\n<\/div>\n<\/div>","protected":false},"excerpt":{"rendered":"<p>M\u00e4nniskans v\u00e4lm\u00e5ende F\u00f6rel\u00e4sningar Jag f\u00f6rel\u00e4ser om livets olika omr\u00e5den, med en gemensam tr\u00e5d: M\u00e4nniskans v\u00e4lm\u00e5ende. Det \u00e4r fr\u00e5n Existentiell h\u00e4lsa enligt WHO, ensamhet, f\u00f6rl\u00e5telse, l\u00e4ngtan, tacksamhet, skam mm. Som pastor har jag \u00e4ven f\u00f6redrag kring det kristna livet och f\u00f6rsamlingen. H\u00f6r av dig med era behov och \u00f6nskningar s\u00e5 tar vi fram ett f\u00f6rslag tillsammans. [&hellip;]<\/p>\n","protected":false},"author":1,"featured_media":0,"parent":0,"menu_order":0,"comment_status":"closed","ping_status":"closed","template":"page-templates\/full-width-page.php","meta":{"footnotes":""},"class_list":["post-2375","page","type-page","status-publish","hentry"],"_links":{"self":[{"href":"https:\/\/www.smidespastorn.se\/index.php?rest_route=\/wp\/v2\/pages\/2375","targetHints":{"allow":["GET"]}}],"collection":[{"href":"https:\/\/www.smidespastorn.se\/index.php?rest_route=\/wp\/v2\/pages"}],"about":[{"href":"https:\/\/www.smidespastorn.se\/index.php?rest_route=\/wp\/v2\/types\/page"}],"author":[{"embeddable":true,"href":"https:\/\/www.smidespastorn.se\/index.php?rest_route=\/wp\/v2\/users\/1"}],"replies":[{"embeddable":true,"href":"https:\/\/www.smidespastorn.se\/index.php?rest_route=%2Fwp%2Fv2%2Fcomments&post=2375"}],"version-history":[{"count":4,"href":"https:\/\/www.smidespastorn.se\/index.php?rest_route=\/wp\/v2\/pages\/2375\/revisions"}],"predecessor-version":[{"id":2568,"href":"https:\/\/www.smidespastorn.se\/index.php?rest_route=\/wp\/v2\/pages\/2375\/revisions\/2568"}],"wp:attachment":[{"href":"https:\/\/www.smidespastorn.se\/index.php?rest_route=%2Fwp%2Fv2%2Fmedia&parent=2375"}],"curies":[{"name":"wp","href":"https:\/\/api.w.org\/{rel}","templated":true}]}}