{"id":1201,"date":"2022-01-22T11:35:27","date_gmt":"2022-01-22T11:35:27","guid":{"rendered":"https:\/\/www.smidespastorn.se\/?page_id=1201"},"modified":"2026-03-06T10:01:10","modified_gmt":"2026-03-06T10:01:10","slug":"singel","status":"publish","type":"page","link":"https:\/\/www.smidespastorn.se\/?page_id=1201","title":{"rendered":"Singel"},"content":{"rendered":"<div data-colibri-id=\"1201-c1\" class=\"style-639 style-local-1201-c1 position-relative\">\n  <!---->\n  <div data-colibri-component=\"section\" data-colibri-id=\"1201-c2\" id=\"content\" class=\"h-section h-section-global-spacing d-flex align-items-lg-center align-items-md-center align-items-center style-640 style-local-1201-c2 h-overflow-hidden position-relative\">\n    <!---->\n    <!---->\n    <div class=\"h-section-grid-container h-section-fluid-container\">\n      <!---->\n      <div data-colibri-id=\"1201-c3\" class=\"h-row-container gutters-row-lg-0 gutters-row-md-0 gutters-row-2 gutters-row-v-lg-0 gutters-row-v-md-0 gutters-row-v-2 style-641 style-local-1201-c3 position-relative\">\n        <!---->\n        <div class=\"h-row justify-content-lg-center justify-content-md-center justify-content-center align-items-lg-stretch align-items-md-stretch align-items-stretch gutters-col-lg-0 gutters-col-md-0 gutters-col-2 gutters-col-v-lg-0 gutters-col-v-md-0 gutters-col-v-2\">\n          <!---->\n          <div class=\"h-column h-column-container d-flex h-col-lg-auto h-col-md-auto h-col-auto style-642-outer style-local-1201-c4-outer\">\n            <div data-colibri-id=\"1201-c4\" class=\"d-flex h-flex-basis h-column__inner h-ui-empty-state-container h-px-lg-0 h-px-md-0 h-px-0 v-inner-lg-0 v-inner-md-0 v-inner-0 style-642 style-local-1201-c4 position-relative\">\n              <!---->\n              <!---->\n              <div class=\"w-100 h-y-container h-column__content h-column__v-align flex-basis-100\">\n                <!---->\n              <\/div>\n            <\/div>\n          <\/div>\n          <div class=\"h-column h-column-container d-flex h-col-lg-auto h-col-md-auto h-col-auto style-643-outer style-local-1201-c5-outer\">\n            <div data-colibri-id=\"1201-c5\" class=\"d-flex h-flex-basis h-column__inner h-px-lg-0 h-px-md-0 h-px-0 v-inner-lg-0 v-inner-md-0 v-inner-0 style-643 style-local-1201-c5 position-relative\">\n              <!---->\n              <!---->\n              <div class=\"w-100 h-y-container h-column__content h-column__v-align flex-basis-100 align-self-lg-start align-self-md-start align-self-start\">\n                <!---->\n                <div data-colibri-id=\"1201-c6\" class=\"h-global-transition-all h-heading style-645 style-local-1201-c6 position-relative h-element\">\n                  <!---->\n                  <div class=\"h-heading__outer style-645 style-local-1201-c6\">\n                    <!---->\n                    <!---->\n                    <h2 class=\"\">Singel<\/h2>\n                  <\/div>\n                <\/div>\n                <div data-colibri-id=\"1201-c7\" class=\"h-text h-text-component style-646 style-local-1201-c7 position-relative h-element\">\n                  <!---->\n                  <!---->\n                  <div class=\"\">\n                    <p>Jag levde som singel tills jag tr\u00e4ffade min fru n\u00e4r jag var 42 \u00e5r. Det var en l\u00e5ng resa innan jag kunde finna k\u00e4rleken. Jag fick l\u00e4ra mig att jag \u00e4r v\u00e4rd att \u00e4lskas b\u00e5de i mina \u00f6gon och i andras. Att ha en sund sj\u00e4lvk\u00e4nsla \u00e4r en av\n                      de stora byggstenarna i alla relationer. D\u00e4rf\u00f6r har jag f\u00f6rk\u00e4rlek f\u00f6r singlar och vill ge v\u00e4rme och vara ett verktyg f\u00f6r att hj\u00e4lpa er att omforma livet s\u00e5 det ger \u00e4nnu mer v\u00e4rde.<\/p>\n                    <p>D\u00e4rf\u00f6r har jag f\u00f6rk\u00e4rlek f\u00f6r singlar och vill ge v\u00e4rme och vara ett verktyg f\u00f6r att hj\u00e4lpa er att omforma livet s\u00e5 det ger \u00e4nnu mer v\u00e4rde.<\/p>\n                  <\/div>\n                <\/div>\n                <div data-colibri-id=\"1201-c8\" class=\"h-row-container gutters-row-lg-2 gutters-row-md-2 gutters-row-0 gutters-row-v-lg-2 gutters-row-v-md-2 gutters-row-v-0 style-647 style-local-1201-c8 position-relative\">\n                  <!---->\n                  <div class=\"h-row justify-content-lg-center justify-content-md-center justify-content-center align-items-lg-start align-items-md-start align-items-start gutters-col-lg-2 gutters-col-md-2 gutters-col-0 gutters-col-v-lg-2 gutters-col-v-md-2 gutters-col-v-0\">\n                    <!---->\n                    <div class=\"h-column h-column-container d-flex h-col-lg-6 h-col-md-6 h-col-12 align-self-lg-start align-self-md-start align-self-start style-648-outer style-local-1201-c9-outer\">\n                      <div data-colibri-id=\"1201-c9\" class=\"d-flex h-flex-basis h-column__inner h-px-lg-0 h-px-md-0 h-px-2 v-inner-lg-0 v-inner-md-0 v-inner-2 style-648 style-local-1201-c9 position-relative\">\n                        <!---->\n                        <!---->\n                        <div class=\"w-100 h-y-container h-column__content h-column__v-align flex-basis-100 align-self-lg-start align-self-md-start align-self-start\">\n                          <!---->\n                          <div data-colibri-id=\"1201-c10\" class=\"h-global-transition-all h-heading style-649 style-local-1201-c10 position-relative h-element\">\n                            <!---->\n                            <div class=\"h-heading__outer style-649 style-local-1201-c10\">\n                              <!---->\n                              <!---->\n                              <h5 class=\"\">Mentorssamtal<\/h5>\n                            <\/div>\n                          <\/div>\n                          <div data-colibri-id=\"1201-c11\" class=\"h-text h-text-component style-650 style-local-1201-c11 position-relative h-element\">\n                            <!---->\n                            <!---->\n                            <div class=\"\">\n                              <p>Om du k\u00e4nner att du vill ha utveckling och f\u00f6r\u00e4ndring i ditt liv s\u00e5 erbjuder jag mentorssamtal. D\u00e4r samtalar vi och smider om livet tillsammans.<\/p>\n                              <p>Vi tr\u00e4ffas p\u00e5 Nelsonsgatan 1i Bor\u00e5s eller p\u00e5 l\u00e4nk. Andra l\u00f6sningar efter \u00f6verenskommelse.<\/p>\n                              <p>Pris 800 kronor per timme.<\/p>\n                            <\/div>\n                          <\/div>\n                        <\/div>\n                      <\/div>\n                    <\/div>\n                    <div class=\"h-column h-column-container d-flex h-col-lg-6 h-col-md-6 h-col-12 align-self-lg-start align-self-md-start align-self-start style-648-outer style-local-1201-c12-outer\">\n                      <div data-colibri-id=\"1201-c12\" class=\"d-flex h-flex-basis h-column__inner h-px-lg-0 h-px-md-0 h-px-2 v-inner-lg-0 v-inner-md-0 v-inner-2 style-648 style-local-1201-c12 position-relative\">\n                        <!---->\n                        <!---->\n                        <div class=\"w-100 h-y-container h-column__content h-column__v-align flex-basis-100 align-self-lg-start align-self-md-start align-self-start\">\n                          <!---->\n                          <div data-colibri-id=\"1201-c13\" class=\"h-global-transition-all h-heading style-649 style-local-1201-c13 position-relative h-element\">\n                            <!---->\n                            <div class=\"h-heading__outer style-649 style-local-1201-c13\">\n                              <!---->\n                              <!---->\n                              <h5 class=\"\">F\u00f6rel\u00e4sningar<\/h5>\n                            <\/div>\n                          <\/div>\n                          <div data-colibri-id=\"1201-c14\" class=\"icon-list d-flex justify-content-lg-start justify-content-md-start justify-content-start style-997 style-local-1201-c14 position-relative h-element\">\n                            <!---->\n                            <ul class=\"ul-list-icon vertical-on-desktop vertical-on-tablet vertical-on-mobile justify-content-lg-start justify-content-md-start justify-content-start\">\n                              <!---->\n                              <li class=\"list-item no-gutters\">\n                                <!---->\n                                <div class=\"list-container-divider d-flex justify-content-lg-start justify-content-md-start justify-content-start first-el-spacer\"><\/div> <span class=\"item-link no-gutters\"><div class=\"d-flex h-col no-gutters align-items-lg-center align-items-md-center align-items-center list-item-text-wrapper\"><div class=\"d-flex\"><span  class=\"h-svg-icon style-997-icon style-local-1201-c14-icon\"><!--Icon by Ionicons (https:\/\/ionicons.com)--><svg version=\"1.1\" xmlns=\"http:\/\/www.w3.org\/2000\/svg\" xmlns:xlink=\"http:\/\/www.w3.org\/1999\/xlink\" id=\"ios-circle-outline\" viewBox=\"0 0 416 512\"><path d=\"M208 48c115 0 208 93 208 208s-93 208-208 208S0 371 0 256 93 48 208 48zm0 399c105 0 191-86 191-191S313 65 208 65 17 151 17 256s86 191 191 191z\"><\/path><\/svg><\/span><\/div>\n                          <span class=\"list-text d-block\"><span>Singelliv, att trivas som singel<\/span><\/span>\n                        <\/div>\n                        <\/span>\n                        <div class=\"list-container-divider d-flex justify-content-lg-start justify-content-md-start justify-content-start\">\n                          <!---->\n                        <\/div>\n                        <\/li>\n                        <li class=\"list-item no-gutters\">\n                          <!---->\n                          <!----><span class=\"item-link no-gutters\"><div class=\"d-flex h-col no-gutters align-items-lg-center align-items-md-center align-items-center list-item-text-wrapper\"><div class=\"d-flex\"><span  class=\"h-svg-icon style-997-icon style-local-1201-c14-icon\"><!--Icon by Ionicons (https:\/\/ionicons.com)--><svg version=\"1.1\" xmlns=\"http:\/\/www.w3.org\/2000\/svg\" xmlns:xlink=\"http:\/\/www.w3.org\/1999\/xlink\" id=\"ios-circle-outline\" viewBox=\"0 0 416 512\"><path d=\"M208 48c115 0 208 93 208 208s-93 208-208 208S0 371 0 256 93 48 208 48zm0 399c105 0 191-86 191-191S313 65 208 65 17 151 17 256s86 191 191 191z\"><\/path><\/svg><\/span><\/div>\n                      <span class=\"list-text d-block\"><span>Grunder f\u00f6r att \u00f6ka chansen att m\u00f6ta en partner<\/span><\/span>\n                    <\/div>\n                    <\/span>\n                    <div class=\"list-container-divider d-flex justify-content-lg-start justify-content-md-start justify-content-start\" style=\"display: none;\">\n                      <!---->\n                    <\/div>\n                    <div class=\"list-container-divider d-flex justify-content-lg-start justify-content-md-start justify-content-start last-el-spacer\"><\/div>\n                    <\/li>\n                    <\/ul>\n                  <\/div>\n                  <div data-colibri-id=\"1201-c15\" class=\"h-x-container style-998 style-local-1201-c15 position-relative h-element\">\n                    <!---->\n                    <div class=\"h-x-container-inner style-dynamic-1201-c15-group style-998-spacing style-local-1201-c15-spacing\"><span class=\"h-link__outer style-999-outer style-local-1201-c16-outer d-inline-flex h-element\"><a h-use-smooth-scroll=\"true\" href=\"https:\/\/www.smidespastorn.se\/?page_id=2375\"  data-colibri-id=\"1201-c16\" class=\"d-flex w-100 align-items-center h-link style-999 style-local-1201-c16 position-relative\"><!----><!----> <span>L\u00e4s mer<\/span>                      <span class=\"h-svg-icon h-link__icon style-999-icon style-local-1201-c16-icon\"><!--Icon by Ionicons (https:\/\/ionicons.com)--><svg version=\"1.1\" xmlns=\"http:\/\/www.w3.org\/2000\/svg\" xmlns:xlink=\"http:\/\/www.w3.org\/1999\/xlink\" id=\"android-arrow-dropright\" viewBox=\"0 0 128 512\"><path d=\"M0 128l128 128L0 384V128z\"><\/path><\/svg><\/span><\/a>\n                      <\/span>\n                    <\/div>\n                  <\/div>\n                <\/div>\n              <\/div>\n            <\/div>\n          <\/div>\n        <\/div>\n      <\/div>\n    <\/div>\n  <\/div>\n<\/div>\n<\/div>\n<\/div>\n<\/div>\n<\/div>","protected":false},"excerpt":{"rendered":"<p>Singel Jag levde som singel tills jag tr\u00e4ffade min fru n\u00e4r jag var 42 \u00e5r. Det var en l\u00e5ng resa innan jag kunde finna k\u00e4rleken. Jag fick l\u00e4ra mig att jag \u00e4r v\u00e4rd att \u00e4lskas b\u00e5de i mina \u00f6gon och i andras. Att ha en sund sj\u00e4lvk\u00e4nsla \u00e4r en av de stora byggstenarna i alla [&hellip;]<\/p>\n","protected":false},"author":1,"featured_media":0,"parent":0,"menu_order":0,"comment_status":"closed","ping_status":"closed","template":"page-templates\/full-width-page.php","meta":{"footnotes":""},"class_list":["post-1201","page","type-page","status-publish","hentry"],"_links":{"self":[{"href":"https:\/\/www.smidespastorn.se\/index.php?rest_route=\/wp\/v2\/pages\/1201","targetHints":{"allow":["GET"]}}],"collection":[{"href":"https:\/\/www.smidespastorn.se\/index.php?rest_route=\/wp\/v2\/pages"}],"about":[{"href":"https:\/\/www.smidespastorn.se\/index.php?rest_route=\/wp\/v2\/types\/page"}],"author":[{"embeddable":true,"href":"https:\/\/www.smidespastorn.se\/index.php?rest_route=\/wp\/v2\/users\/1"}],"replies":[{"embeddable":true,"href":"https:\/\/www.smidespastorn.se\/index.php?rest_route=%2Fwp%2Fv2%2Fcomments&post=1201"}],"version-history":[{"count":16,"href":"https:\/\/www.smidespastorn.se\/index.php?rest_route=\/wp\/v2\/pages\/1201\/revisions"}],"predecessor-version":[{"id":2540,"href":"https:\/\/www.smidespastorn.se\/index.php?rest_route=\/wp\/v2\/pages\/1201\/revisions\/2540"}],"wp:attachment":[{"href":"https:\/\/www.smidespastorn.se\/index.php?rest_route=%2Fwp%2Fv2%2Fmedia&parent=1201"}],"curies":[{"name":"wp","href":"https:\/\/api.w.org\/{rel}","templated":true}]}}